{"id":14247,"date":"2020-09-21T11:05:18","date_gmt":"2020-09-21T10:05:18","guid":{"rendered":"https:\/\/books.siyuanbalance.com\/datenschutz-und-rechtliche-hinweise\/"},"modified":"2020-09-21T11:05:18","modified_gmt":"2020-09-21T10:05:18","slug":"datenschutz-und-rechtliche-hinweise","status":"publish","type":"page","link":"https:\/\/books.siyuanbalance.com\/de\/datenschutz-und-rechtliche-hinweise\/","title":{"rendered":"Datenschutz und rechtliche Hinweise"},"content":{"rendered":"<div  style='padding-bottom:10px; ' class='av-special-heading av-special-heading-h1    avia-builder-el-0  el_before_av_toggle_container  avia-builder-el-first  '><h1 class='av-special-heading-tag '  >Datenschutz und rechtliche Hinweise<\/h1><div class='special-heading-border'><div class='special-heading-inner-border' ><\/div><\/div><\/div>\n<div  class=\"togglecontainer   toggle_close_all  avia-builder-el-1  el_after_av_heading  avia-builder-el-last \" >\n<section class=\"av_toggle_section\"  >    <div role=\"tablist\" class=\"single_toggle\" data-tags=\"{Alle} \"  >        <p data-fake-id=\"#toggle-id-1\" class=\"toggler \"    role=\"tab\" tabindex=\"0\" aria-controls=\"toggle-id-1\">Nutzungsbedingungen<span class=\"toggle_icon\" >        <span class=\"vert_icon\"><\/span><span class=\"hor_icon\"><\/span><\/span><\/p>        <div id=\"toggle-id-1\" class=\"toggle_wrap \"  >            <div class=\"toggle_content invers-color \"   ><div title=\"\">Diese Webseite wird betrieben von Si Yuan Balance Method SARL. Sie k\u00f6nnen jederzeit auf unsere detaillierten Nutzungsbedingungen zugreifen und sie herunterladen. <a href=\"https:\/\/www.siyuanbalance.com\/wp-content\/uploads\/2018\/05\/Legal-Notice.pdf\">Si Yuan Balance Method SARL Legal Notice<\/a>. Bitte lesen Sie unsere Nutzungsbedingungen aufmerksam, bevor Sie auf unsere Webseite zugreifen oder diese nutzen. Indem Sie einen Teil unserer Webseite nutzen oder auf unsere Webseite zugreifen, stimmen Sie unseren Nutzungsbedingungen zu.<\/p>\n<p>Es liegt in Ihrer Verantwortung, die Nutzungsbedingungen regelm\u00e4\u00dfig auf \u00c4nderungen zu \u00fcberpr\u00fcfen.<\/p>\n<ul>\n<li>Sie d\u00fcrfen unsere Produkte nicht f\u00fcr illegale oder nicht-authorisierte Zwecke verwenden, ebenso d\u00fcrfen Sie bei der Nutzung des Service nicht gegen Gesetze in ihrem Land versto\u00dfen (inklusive, aber nicht nur begrenzt auf Copyright-Gesetze).<\/li>\n<li>Sie stimmen zu, keinen Teil des Dienstes ohne ausdr\u00fcckliche schriftliche Genehmigung von uns, zu vervielf\u00e4ltigen, zu kopieren, zu verkaufen oder anderweitig zu verwerten.<\/li>\n<li>Wir behalten uns das Recht vor, den Service aus irgendeinem Grund jederzeit zu verweigern.<\/li>\n<li>Die Preise f\u00fcr unsere Produkte k\u00f6nnen jederzeit ohne Vorank\u00fcndigung ge\u00e4ndert werden.<\/li>\n<li>Wir haben uns bem\u00fcht, die Farben und Bilder unserer Produkte, die k\u00e4uflich zu erwerben sind, so genau wie m\u00f6glich darzustellen. Wir k\u00f6nnen nicht garantieren, dass die Farbanzeige ihres Computers korrekt ist.<\/li>\n<li>Seminarorte und Termine k\u00f6nnen sich \u00e4ndern, bitte erkundigen Sie sich vor Reiseantritt bei uns.<\/li>\n<li>Stornierungsbedingungen f\u00fcr Seminare: Eine R\u00fcckerstattung von 80% wird Ihnen angeboten, wenn wir Ihre Stornierung sp\u00e4testens 7 Tage vor dem ersten Tag des Seminars erhalten, f\u00fcr das Sie sich angemeldet haben. Nach Ablauf der Frist von 7 Tagen vor Seminarbeginn, wird keine R\u00fcckerstattung irgendeiner Art mehr geleistet.<\/li>\n<li>Jedes Produkt, das bereits versendet wurde, kann nicht zur\u00fcckerstattet werden.<\/li>\n<li>Sie stimmen zu, aktuelle, vollst\u00e4ndige und genaue Kauf-und Kontoinformationen f\u00fcr alle in unserem Shop get\u00e4tigten Eink\u00e4ufe bereitzustellen. Sie stimmen zu, Ihr Konto und andere Informationen, einschlie\u00dflich Ihrer Email Adresse umgehend zu aktualisieren, damit wir Ihre Transaktion abschlie\u00dfen und Sie bei Bedarf kontaktieren k\u00f6nnen.<\/li>\n<li>Wir k\u00f6nnen Ihnen Zugriff auf Tools oder Webseiten von Drittanbietern gew\u00e4hren. Wir \u00fcbernehmen keine Haftung f\u00fcr die Verwendung optionaler Tools oder Webseiten von Drittanbietern.<\/li>\n<li>Wenn Sie auf unsere Bitte hin oder auch ohne eine Anfrage von uns bestimmte spezifische Beitr\u00e4ge oder Materialien oder Kommentare senden, ob online, per Email, per Post oder auf andere Weise, stimmen Sie zu, dass wir diese Kommentare, die Sie uns gesendet haben, jederzeit ohne Einschr\u00e4nkung bearbeiten, kopieren, ver\u00f6ffentlichen, verteilen, \u00fcbersetzen und anderweitig verwenden k\u00f6nnen.<\/li>\n<li>Wir \u00fcbernehmen keine Haftung und keine Verantwortung f\u00fcr Ihre Kommentare auf unseren Webseiten und sozialen Medien.<\/li>\n<li>Sie k\u00f6nnen diese Nutzungsbedingungen jederzeit k\u00fcndigen, indem Sie uns mitteilen, dass Sie unsere Dienste nicht mehr nutzen m\u00f6chten oder wenn Sie die Nutzung unserer Webseite einstellen.<\/li>\n<li>Fragen zu den Nutzungsbedingungen senden Sie bitte an unser Kontaktemail in der Fu\u00dfzeile.<\/li>\n<\/ul>\n<\/div>\n            <\/div>        <\/div>    <\/div><\/section>\n<section class=\"av_toggle_section\"  >    <div role=\"tablist\" class=\"single_toggle\" data-tags=\"{Alle} \"  >        <p data-fake-id=\"#toggle-id-2\" class=\"toggler \"    role=\"tab\" tabindex=\"0\" aria-controls=\"toggle-id-2\">Berechtigung f\u00fcr die Verwendung von Bildern<span class=\"toggle_icon\" >        <span class=\"vert_icon\"><\/span><span class=\"hor_icon\"><\/span><\/span><\/p>        <div id=\"toggle-id-2\" class=\"toggle_wrap \"  >            <div class=\"toggle_content invers-color \"   ><div title=\"\">\n<p>When participating in Si Yuan events, you will be asked to sign the below authorisation. If you do not wish to grant this authorisation, you can notify staff upon arrival the first day and we will make sure that you do not appear in any photos or videos.<\/p>\n<p>Zweck: Genehmigung zum Filmen, Fotografieren und Ver\u00f6ffentlichen von Bildern und Videos.<\/p>\n<p>Durch meine Teilnahme am Si Yuan XX Seminar, das vom XX bis XX in XX stattfindet, erm\u00e4chtige ich Si Yuan Wen Jiao Gong Si und seine berechtigten Personen kostenlos:<\/p>\n<ul>\n<li>mich zu fotografieren oder zu filmen,<\/li>\n<li>das \u00c4ndern, Anpassen oder L\u00f6schen von Originalbildern oder Videos meiner Person, die als n\u00fctzlich erachtet werden,<\/li>\n<li>das mein Bild oder Video zur Ver\u00f6ffentlichung, Vervielf\u00e4ltigung, Bearbeitung oder Ver\u00e4nderung, allein oder in Kombination mit anderem Material, mit allen gegenw\u00e4rtigen und zuk\u00fcnftigen Mitteln, Methoden und Techniken zu verwenden,<\/li>\n<li>mein Bild oder Video zu reproduzieren und zu verwerten.<\/li>\n<\/ul>\n<p>Diese Berechtigung gilt f\u00fcr die Nutzung:<\/p>\n<ul>\n<li>F\u00fcr eine unbegrenzte Dauer,<\/li>\n<li>Gebiete: weltweit, alle L\u00e4nder,<\/li>\n<li>\u2013 In allen Medien, ob materiell oder immateriell, und in allen derzeit bekannten oder unbekannten Formaten und insbesondere, (diese Liste erhebt keinen Anspruch auf Vollst\u00e4ndigkeit): Papierformat, Brosch\u00fcren, B\u00fccher und andere Ver\u00f6ffentlichungen, CD-ROM \/ DVD-ROM und andere derzeit bekannte und unbekannte digitale Medien, alle audiovisuellen Medien, das Internet (einschlie\u00dflich Intranet, Extranet, Blogs, soziale Netzwerke), alle Arten des Funkempfanges (Smartphones, Tablets usw.), Printmedien, interne Kommunikationsmaterialien, Werbematerial, Werbung, die Rechte zur Integration in eine andere Arbeit \/ Multimedia Arbeit.<\/li>\n<\/ul>\n<p>Ich kann die Einwilligung jederzeit durch schriftliche Anfrage an email@siyuanbalance.com widerrufen. Der Widerruf hebt die Autorisierung f\u00fcr Bildrechte ab dem Datum der Best\u00e4tigung auf, an dem die Anfrage eingegangen ist.<br \/>Ich best\u00e4tige, dass ich nicht an einen Vertrag mit einer anderen Partei gebunden bin, welcher die Zweckbestimmung oder Wirkung hat, die Durchf\u00fchrung der vorliegenden Genehmigung zu beschr\u00e4nken oder einzuschr\u00e4nken.<\/p>\n<p>Die vorliegende Genehmigung zur Nutzung meines Bildes ist kostenlos.<\/p>\n<\/div>\n            <\/div>        <\/div>    <\/div><\/section>\n<section class=\"av_toggle_section\"  >    <div role=\"tablist\" class=\"single_toggle\" data-tags=\"{Alle} \"  >        <p data-fake-id=\"#toggle-id-3\" class=\"toggler \"    role=\"tab\" tabindex=\"0\" aria-controls=\"toggle-id-3\">Si Yuan Pers\u00f6nliche Daten <span class=\"toggle_icon\" >        <span class=\"vert_icon\"><\/span><span class=\"hor_icon\"><\/span><\/span><\/p>        <div id=\"toggle-id-3\" class=\"toggle_wrap \"  >            <div class=\"toggle_content invers-color \"   ><p>Sie sind nicht verpflichtet, Ihre pers\u00f6nlichen Daten zu anzugeben, aber Sie verstehen, dass bestimmte Dienste nicht geleistet werden k\u00f6nnen, wenn Sie die Verarbeitung ablehnen. Sie k\u00f6nnen jederzeit auf unsere ausf\u00fchrliche Datenschutzerkl\u00e4rung zu greifen, indem Sie sie herunterladen. <a href=\"https:\/\/www.siyuanbalance.com\/wp-content\/uploads\/2018\/05\/Legal-Notice.pdf\">Si Yuan Balance Method SARL Legal Notice<\/a>.<\/p>\n<figure id=\"attachment_39431\" class=\"alignleft fixed\">\n<div class=\"\"><img loading=\"lazy\" decoding=\"async\" class=\"size-full wp-image-39431 \" src=\"https:\/\/www.siyuanbalance.com\/wp-content\/uploads\/2018\/05\/icone-pas-vendre.jpg\" sizes=\"auto, (max-width: 200px) 100vw, 200px\" srcset=\"https:\/\/www.siyuanbalance.com\/wp-content\/uploads\/2018\/05\/icone-pas-vendre.jpg 200w, https:\/\/www.siyuanbalance.com\/wp-content\/uploads\/2018\/05\/icone-pas-vendre-150x150.jpg 150w, https:\/\/www.siyuanbalance.com\/wp-content\/uploads\/2018\/05\/icone-pas-vendre-90x90.jpg 90w, https:\/\/www.siyuanbalance.com\/wp-content\/uploads\/2018\/05\/icone-pas-vendre-135x135.jpg 135w, https:\/\/www.siyuanbalance.com\/wp-content\/uploads\/2018\/05\/icone-pas-vendre-48x48.jpg 48w, https:\/\/www.siyuanbalance.com\/wp-content\/uploads\/2018\/05\/icone-pas-vendre-60x60.jpg 60w, https:\/\/www.siyuanbalance.com\/wp-content\/uploads\/2018\/05\/icone-pas-vendre-96x96.jpg 96w, https:\/\/www.siyuanbalance.com\/wp-content\/uploads\/2018\/05\/icone-pas-vendre-120x120.jpg 120w\" alt=\"\" width=\"200\" height=\"200\" \/><\/div>\n<\/figure>\n<p><strong>Wir verkaufen Ihre pers\u00f6nlichen Daten nicht an andere Unternehmen.<\/strong><\/p>\n<ul>\n<li style=\"list-style-type: none;\">\n<ul>\n<li>Wir sammeln nur die f\u00fcr unsere Dienstleistung relevanten Daten<\/li>\n<li>Wir verkaufen, vermieten, verteilen oder geben Ihre Daten nicht f\u00fcr kommerzielle Zwecke an Dritte weiter<\/li>\n<li>Um Ihre pers\u00f6nlichen Daten verarbeiten zu k\u00f6nnen gew\u00e4hren Sie Zugriff auf ihre pers\u00f6nlichen Daten f\u00fcr unsere ausgelagerten Prozesse. Auch hier garantieren wir ein \u00e4hnliches Datenschutzniveau.<\/li>\n<\/ul>\n<\/li>\n<\/ul>\n<figure id=\"attachment_39421\" class=\"alignleft fixed\">\n<div class=\"\"><img loading=\"lazy\" decoding=\"async\" class=\"size-full wp-image-39421 \" src=\"https:\/\/www.siyuanbalance.com\/wp-content\/uploads\/2018\/05\/icone-interet.jpg\" sizes=\"auto, (max-width: 200px) 100vw, 200px\" srcset=\"https:\/\/www.siyuanbalance.com\/wp-content\/uploads\/2018\/05\/icone-interet.jpg 200w, https:\/\/www.siyuanbalance.com\/wp-content\/uploads\/2018\/05\/icone-interet-150x150.jpg 150w, https:\/\/www.siyuanbalance.com\/wp-content\/uploads\/2018\/05\/icone-interet-90x90.jpg 90w, https:\/\/www.siyuanbalance.com\/wp-content\/uploads\/2018\/05\/icone-interet-135x135.jpg 135w, https:\/\/www.siyuanbalance.com\/wp-content\/uploads\/2018\/05\/icone-interet-48x48.jpg 48w, https:\/\/www.siyuanbalance.com\/wp-content\/uploads\/2018\/05\/icone-interet-60x60.jpg 60w, https:\/\/www.siyuanbalance.com\/wp-content\/uploads\/2018\/05\/icone-interet-96x96.jpg 96w, https:\/\/www.siyuanbalance.com\/wp-content\/uploads\/2018\/05\/icone-interet-120x120.jpg 120w\" alt=\"\" width=\"200\" height=\"200\" \/><\/div>\n<\/figure>\n<p><strong> Wir erfassen und pflegen Ihre Daten mit dem einzigen Ziel, unseren Service f\u00fcr Sie zu verbessern.<\/strong><\/p>\n<ul>\n<li style=\"list-style-type: none;\">\n<ul>\n<li style=\"list-style-type: none;\">\n<ul>\n<li>Daten zur Beantwortung von E-mail Anfragen<\/li>\n<li>Daten f\u00fcr die Anmeldung zu einem Seminar (\u201eMein Account\u201c) und damit verbundene Dienstleistungen<\/li>\n<li>Daten, die f\u00fcr den Erhalt von Informations-, Marketing-und Bildungsinhalten notwendig sind (\u201eNewsletter Abonnement\u201c)<\/li>\n<li>Daten, die f\u00fcr die Anwendung in unserem Zertifizierungsprogramm notwendig sind<\/li>\n<\/ul>\n<\/li>\n<\/ul>\n<\/li>\n<\/ul>\n<figure id=\"attachment_39426\" class=\"alignleft fixed\">\n<div class=\"\"><img loading=\"lazy\" decoding=\"async\" class=\"size-full wp-image-39426 \" src=\"https:\/\/www.siyuanbalance.com\/wp-content\/uploads\/2018\/05\/icone-maitrise.jpg\" sizes=\"auto, (max-width: 200px) 100vw, 200px\" srcset=\"https:\/\/www.siyuanbalance.com\/wp-content\/uploads\/2018\/05\/icone-maitrise.jpg 200w, https:\/\/www.siyuanbalance.com\/wp-content\/uploads\/2018\/05\/icone-maitrise-150x150.jpg 150w, https:\/\/www.siyuanbalance.com\/wp-content\/uploads\/2018\/05\/icone-maitrise-90x90.jpg 90w, https:\/\/www.siyuanbalance.com\/wp-content\/uploads\/2018\/05\/icone-maitrise-135x135.jpg 135w, https:\/\/www.siyuanbalance.com\/wp-content\/uploads\/2018\/05\/icone-maitrise-48x48.jpg 48w, https:\/\/www.siyuanbalance.com\/wp-content\/uploads\/2018\/05\/icone-maitrise-60x60.jpg 60w, https:\/\/www.siyuanbalance.com\/wp-content\/uploads\/2018\/05\/icone-maitrise-96x96.jpg 96w, https:\/\/www.siyuanbalance.com\/wp-content\/uploads\/2018\/05\/icone-maitrise-120x120.jpg 120w\" alt=\"\" width=\"200\" height=\"200\" \/><\/div>\n<\/figure>\n<p><strong>Wir \u00fcberlassen die Kontrolle \u00fcber Ihre Daten und deren Verwendung in Ihren H\u00e4nden.<\/strong><br \/>Sie k\u00f6nnen frei entscheiden, ob Sie Ihre pers\u00f6nlichen Daten weitergeben m\u00f6chten. Die pers\u00f6nlichen Daten werden von uns f\u00fcr einen Zeitraum gespeichert und verarbeitet, der f\u00fcr die Zwecke der Verarbeitung erforderlich ist.<\/p>\n<ul>\n<li style=\"list-style-type: none;\">\n<ul>\n<li style=\"list-style-type: none;\">\n<ul>\n<li>Wir verpflichten uns, Ihre Daten nicht ohne Ihr Wissen weder zu sammeln noch zu verarbeiten<\/li>\n<li>Sie k\u00f6nnen jederzeit auf Ihre Kontodaten zugreifen und diese \u00e4ndern.<\/li>\n<li>Sie k\u00f6nnen den Newsletter jederzeit abbestellen, indem Sie auf den entsprechenden Abmelde-Link am Ende jeder Newsletter-Email klicken.<\/li>\n<li>Sie k\u00f6nnen auch beantragen, dass Ihre pers\u00f6nlichen Daten beschr\u00e4nkt verarbeitet werden oder die Verarbeitung eingestellt wird.<\/li>\n<li>Sie haben das Recht, Ihre von uns verarbeiteten pers\u00f6nlichen Daten zu verwenden und an andere Verantwortliche zu \u00fcbermitteln.have<\/li>\n<li>Wir erfassen Ihr Account Passwort nicht auf unserer Webseite.<\/li>\n<\/ul>\n<\/li>\n<\/ul>\n<\/li>\n<\/ul>\n<p>Sie k\u00f6nnen von Ihrem Recht Gebrauch machen, indem Sie uns eine Email an unsere Kontaktadresse schicken, die Sie unten auf jeder unserer Webseite finden.<br \/>\u00a0<\/p>\n<figure id=\"attachment_39441\" class=\"alignleft fixed\">\n<div class=\"\"><img loading=\"lazy\" decoding=\"async\" class=\"size-full wp-image-39441 \" src=\"https:\/\/www.siyuanbalance.com\/wp-content\/uploads\/2018\/05\/icone-transparence.jpg\" sizes=\"auto, (max-width: 200px) 100vw, 200px\" srcset=\"https:\/\/www.siyuanbalance.com\/wp-content\/uploads\/2018\/05\/icone-transparence.jpg 200w, https:\/\/www.siyuanbalance.com\/wp-content\/uploads\/2018\/05\/icone-transparence-150x150.jpg 150w, https:\/\/www.siyuanbalance.com\/wp-content\/uploads\/2018\/05\/icone-transparence-90x90.jpg 90w, https:\/\/www.siyuanbalance.com\/wp-content\/uploads\/2018\/05\/icone-transparence-135x135.jpg 135w, https:\/\/www.siyuanbalance.com\/wp-content\/uploads\/2018\/05\/icone-transparence-48x48.jpg 48w, https:\/\/www.siyuanbalance.com\/wp-content\/uploads\/2018\/05\/icone-transparence-60x60.jpg 60w, https:\/\/www.siyuanbalance.com\/wp-content\/uploads\/2018\/05\/icone-transparence-96x96.jpg 96w, https:\/\/www.siyuanbalance.com\/wp-content\/uploads\/2018\/05\/icone-transparence-120x120.jpg 120w\" alt=\"\" width=\"200\" height=\"200\" \/><\/div>\n<\/figure>\n<p><strong>Wir sind v\u00f6llig transparent hinsichtlich der Verwendung Ihrer pers\u00f6nlichen Daten.<\/strong><\/p>\n<ul>\n<li style=\"list-style-type: none;\">\n<ul>\n<li style=\"list-style-type: none;\">\n<ul>\n<li>Sie haben jederzeit das Recht, auf freien Zugang zu Ihren pers\u00f6nlichen Daten sowie auf die Verwendung Ihrer pers\u00f6nlichen Daten.<\/li>\n<li>Wir haben Sicherheitsma\u00dfnahmen entwickelt, die technisch und organisatorisch angepa\u00dft sind, um Datenverletzung zu vermeiden.<\/li>\n<li>Wir verpflichten uns, auf klare, pr\u00e4gnante und verst\u00e4ndliche Weise zu erkl\u00e4ren, was in Bezug auf die Nutzung pers\u00f6nlicher Daten geschieht und Sie \u00fcber Ihre Rechte und die Aus\u00fcbung dieser Rechte zu informieren: eine klare, pr\u00e4gnante und verst\u00e4ndliche Datenschutzpolitik, ohne Zweideutigkeit.<\/li>\n<\/ul>\n<\/li>\n<\/ul>\n<\/li>\n<\/ul>\n<figure id=\"attachment_39436\" class=\"alignleft fixed\">\n<div class=\"\"><img loading=\"lazy\" decoding=\"async\" class=\"size-full wp-image-39436 \" src=\"https:\/\/www.siyuanbalance.com\/wp-content\/uploads\/2018\/05\/icone-securite.jpg\" sizes=\"auto, (max-width: 200px) 100vw, 200px\" srcset=\"https:\/\/www.siyuanbalance.com\/wp-content\/uploads\/2018\/05\/icone-securite.jpg 200w, https:\/\/www.siyuanbalance.com\/wp-content\/uploads\/2018\/05\/icone-securite-150x150.jpg 150w, https:\/\/www.siyuanbalance.com\/wp-content\/uploads\/2018\/05\/icone-securite-90x90.jpg 90w, https:\/\/www.siyuanbalance.com\/wp-content\/uploads\/2018\/05\/icone-securite-135x135.jpg 135w, https:\/\/www.siyuanbalance.com\/wp-content\/uploads\/2018\/05\/icone-securite-48x48.jpg 48w, https:\/\/www.siyuanbalance.com\/wp-content\/uploads\/2018\/05\/icone-securite-60x60.jpg 60w, https:\/\/www.siyuanbalance.com\/wp-content\/uploads\/2018\/05\/icone-securite-96x96.jpg 96w, https:\/\/www.siyuanbalance.com\/wp-content\/uploads\/2018\/05\/icone-securite-120x120.jpg 120w\" alt=\"\" width=\"200\" height=\"200\" \/><\/div>\n<\/figure>\n<p><strong>Wir priorisieren die Sicherheit, f\u00fcr die uns anvertrauten Daten.<\/strong><\/p>\n<ul>\n<li style=\"list-style-type: none;\">\n<ul>\n<li style=\"list-style-type: none;\">\n<ul>\n<li style=\"list-style-type: none;\">\n<ul>\n<li>Unsere Webseite verwendet das SSL (Secure Sockets Layer), um die Kommunikation zu verschl\u00fcsseln.<\/li>\n<li>Alle Online-Zahlungen werden \u00fcber sehr sichere Plattformen abgewickelt, die ausschlie\u00dflich Zugriff auf Ihre Bankdaten haben.<\/li>\n<\/ul>\n<\/li>\n<\/ul>\n<\/li>\n<\/ul>\n<\/li>\n<\/ul>\n            <\/div>        <\/div>    <\/div><\/section>\n<\/div>\n","protected":false},"excerpt":{"rendered":"","protected":false},"author":1,"featured_media":0,"parent":0,"menu_order":0,"comment_status":"closed","ping_status":"closed","template":"","meta":{"footnotes":""},"class_list":["post-14247","page","type-page","status-publish","hentry"],"_links":{"self":[{"href":"https:\/\/books.siyuanbalance.com\/de\/wp-json\/wp\/v2\/pages\/14247","targetHints":{"allow":["GET"]}}],"collection":[{"href":"https:\/\/books.siyuanbalance.com\/de\/wp-json\/wp\/v2\/pages"}],"about":[{"href":"https:\/\/books.siyuanbalance.com\/de\/wp-json\/wp\/v2\/types\/page"}],"author":[{"embeddable":true,"href":"https:\/\/books.siyuanbalance.com\/de\/wp-json\/wp\/v2\/users\/1"}],"replies":[{"embeddable":true,"href":"https:\/\/books.siyuanbalance.com\/de\/wp-json\/wp\/v2\/comments?post=14247"}],"version-history":[{"count":1,"href":"https:\/\/books.siyuanbalance.com\/de\/wp-json\/wp\/v2\/pages\/14247\/revisions"}],"predecessor-version":[{"id":14249,"href":"https:\/\/books.siyuanbalance.com\/de\/wp-json\/wp\/v2\/pages\/14247\/revisions\/14249"}],"wp:attachment":[{"href":"https:\/\/books.siyuanbalance.com\/de\/wp-json\/wp\/v2\/media?parent=14247"}],"curies":[{"name":"wp","href":"https:\/\/api.w.org\/{rel}","templated":true}]}}