{"id":15457,"date":"2024-06-26T14:54:42","date_gmt":"2024-06-26T13:54:42","guid":{"rendered":"https:\/\/books.siyuanbalance.com\/product\/poster-zur-balance-methode-gebrauchsfertige-klinische-strategien\/"},"modified":"2024-11-26T11:59:38","modified_gmt":"2024-11-26T10:59:38","slug":"poster-zur-balance-methode-gebrauchsfertige-klinische-strategien-auf-englisch","status":"publish","type":"product","link":"https:\/\/books.siyuanbalance.com\/de\/produkt\/poster-zur-balance-methode-gebrauchsfertige-klinische-strategien-auf-englisch\/","title":{"rendered":"Poster zur Balance-Methode: Gebrauchsfertige klinische Strategien (auf Englisch)"},"content":{"rendered":"","protected":false},"excerpt":{"rendered":"<div style=\"padding: 75% 0 0 0; position: relative;\"><iframe style=\"position: absolute; top: 0; left: 0; width: 100%; height: 100%;\" title=\"Rafael Chart Poster\" src=\"https:\/\/player.vimeo.com\/video\/968902568?h=ea67a2a492&amp;badge=0&amp;autopause=0&amp;player_id=0&amp;app_id=58479\" frameborder=\"0\"><\/iframe><\/div>\n<p><script src=\"https:\/\/player.vimeo.com\/api\/player.js\"><\/script><\/p>\n<p><a href=\"https:\/\/books.siyuanbalance.com\/de\/produkt\/poster-zur-balance-methode-gebrauchsfertige-klinische-strategien-auf-deutsh\/\"><span style=\"color: #ff0000;\"><strong>Bitte beachten Sie, dass es sich hierbei um die englische Version des Posters handelt. Um die deutsche Version zu erhalten, klicken Sie hier<\/strong><\/span><\/a><\/p>\n<p>Ich habe diese Tabelle erstellt, um mir in der Klinik zu helfen.<\/p>\n<p>Angesichts der Herausforderung, mir alle Details fortgeschrittener Strategien zu merken, habe ich beschlossen, eine Ressource zu erstellen, die hilfreich ist und es mir erm\u00f6glicht, bei der Behandlung von Patienten schnell zu reagieren.<\/p>\n<p>Dieses Poster hat sich in den letzten Jahren in meiner Praxis als revolution\u00e4r erwiesen, da es Fehler reduziert und es mir erm\u00f6glicht, bequem jede Strategie anzuwenden, die ich f\u00fcr jeden Patienten f\u00fcr geeignet halte.<\/p>\n<p>Ich glaube, dass diese Tabelle f\u00fcr jeden wertvoll sein wird, der sich eingehend mit der Methode befassen m\u00f6chte, daher habe ich mich entschieden, das weiterzugeben, was mir immens geholfen hat.<\/p>\n<p>Abmessungen \u2013 297 mm x 420 mm, 29,7 cm x 42 cm oder 11,7 Zoll x 16,5 Zoll<br \/>\nGewicht \u2013 30 g<br \/>\n<span class=\"HwtZe\" lang=\"de\"><span class=\"jCAhz ChMk0b\"><span class=\"ryNqvb\"><strong>Sprache: Englisch<\/strong> &#8211; <a href=\"https:\/\/books.siyuanbalance.com\/de\/produkt\/poster-zur-balance-methode-gebrauchsfertige-klinische-strategien-auf-deutsh\/\"><strong>Bitte beachten Sie, dass es sich hierbei um die englische Version des Posters handelt. Um die deutsche Version zu erhalten, klicken Sie hier<\/strong><\/a><\/span><\/span><\/span><\/p>\n<p><span class=\"HwtZe\" lang=\"de\"><span class=\"jCAhz ChMk0b\"><span class=\"ryNqvb\"><span style=\"color: #ff0000;\">Bitte bestellen Sie B\u00fccher und Poster nicht in einem Auftrag. Bitte bestellen Sie B\u00fccher und Poster separat, da sie von verschiedenen Standorten aus\u00a0versandt\u00a0werden<\/span><br \/>\n<span style=\"color: #ff0000;\">Versand: Jedes Poster wird einzeln versendet. F\u00fcr jedes Poster fallen Versandkosten an.<\/span><br \/>\n<\/span><\/span><\/span><\/p>\n","protected":false},"featured_media":15509,"comment_status":"closed","ping_status":"closed","template":"","meta":[],"product_brand":[],"product_cat":[84],"product_tag":[],"class_list":{"0":"post-15457","1":"product","2":"type-product","3":"status-publish","4":"has-post-thumbnail","6":"product_cat-unkategorisiert","7":"product_shipping_class-poster-de","9":"first","10":"outofstock","11":"shipping-taxable","12":"purchasable","13":"product-type-simple"},"_links":{"self":[{"href":"https:\/\/books.siyuanbalance.com\/de\/wp-json\/wp\/v2\/product\/15457","targetHints":{"allow":["GET"]}}],"collection":[{"href":"https:\/\/books.siyuanbalance.com\/de\/wp-json\/wp\/v2\/product"}],"about":[{"href":"https:\/\/books.siyuanbalance.com\/de\/wp-json\/wp\/v2\/types\/product"}],"replies":[{"embeddable":true,"href":"https:\/\/books.siyuanbalance.com\/de\/wp-json\/wp\/v2\/comments?post=15457"}],"wp:featuredmedia":[{"embeddable":true,"href":"https:\/\/books.siyuanbalance.com\/de\/wp-json\/wp\/v2\/media\/15509"}],"wp:attachment":[{"href":"https:\/\/books.siyuanbalance.com\/de\/wp-json\/wp\/v2\/media?parent=15457"}],"wp:term":[{"taxonomy":"product_brand","embeddable":true,"href":"https:\/\/books.siyuanbalance.com\/de\/wp-json\/wp\/v2\/product_brand?post=15457"},{"taxonomy":"product_cat","embeddable":true,"href":"https:\/\/books.siyuanbalance.com\/de\/wp-json\/wp\/v2\/product_cat?post=15457"},{"taxonomy":"product_tag","embeddable":true,"href":"https:\/\/books.siyuanbalance.com\/de\/wp-json\/wp\/v2\/product_tag?post=15457"}],"curies":[{"name":"wp","href":"https:\/\/api.w.org\/{rel}","templated":true}]}}