{"id":15673,"date":"2024-10-16T14:28:41","date_gmt":"2024-10-16T13:28:42","guid":{"rendered":"https:\/\/books.siyuanbalance.com\/?post_type=product&#038;p=15673"},"modified":"2025-06-12T11:43:34","modified_gmt":"2025-06-12T10:43:34","slug":"poster-zur-balance-methode-gebrauchsfertige-klinische-strategien-auf-englisch-copy-2","status":"publish","type":"product","link":"https:\/\/books.siyuanbalance.com\/de\/produkt\/poster-zur-balance-methode-gebrauchsfertige-klinische-strategien-auf-englisch-copy-2\/","title":{"rendered":"Poster zur Balance-Methode: Gebrauchsfertige klinische Strategien (auf Franz\u00f6sisch)"},"content":{"rendered":"<p><br data-mce-bogus=\"1\"><\/p>\n","protected":false},"excerpt":{"rendered":"<div style=\"padding: 75% 0 0 0; position: relative;\" data-mce-style=\"padding: 75% 0 0 0; position: relative;\"><span contenteditable=\"false\" style=\"position: absolute; top: 0; left: 0; width: 100%; height: 100%;\" data-mce-object=\"iframe\" class=\"mce-preview-object mce-object-iframe\" data-mce-p-frameborder=\"0\" data-mce-p-src=\"https:\/\/player.vimeo.com\/video\/968902568?h=ea67a2a492&amp;badge=0&amp;autopause=0&amp;player_id=0&amp;app_id=58479\" data-mce-p-title=\"Rafael Chart Poster\"><iframe src=\"https:\/\/player.vimeo.com\/video\/968902568?h=ea67a2a492&amp;badge=0&amp;autopause=0&amp;player_id=0&amp;app_id=58479\" style=\"position: absolute; top: 0; left: 0; width: 100%; height: 100%;\" frameborder=\"0\"><\/iframe><span class=\"mce-shim\"><\/span><\/span><\/div>\n<p><img loading=\"lazy\" decoding=\"async\" src=\"data:image\/gif;base64,R0lGODlhAQABAIAAAAAAAP\/\/\/yH5BAEAAAAALAAAAAABAAEAAAIBRAA7\" data-wp-preserve=\"%3Cscript%20src%3D%22https%3A%2F%2Fplayer.vimeo.com%2Fapi%2Fplayer.js%22%3E%3C%2Fscript%3E\" data-mce-resize=\"false\" data-mce-placeholder=\"1\" class=\"mce-object\" width=\"20\" height=\"20\" alt=\"<script>&#8220; title=&#8220;<script>\"><\/p>\n<p>Ich habe diese Tabelle erstellt, um mir in der Klinik zu helfen.<\/p>\n<p>Angesichts der Herausforderung, mir alle Details fortgeschrittener Strategien zu merken, habe ich beschlossen, eine Ressource zu erstellen, die hilfreich ist und es mir erm\u00f6glicht, bei der Behandlung von Patienten schnell zu reagieren.<\/p>\n<p>Dieses Poster hat sich in den letzten Jahren in meiner Praxis als revolution\u00e4r erwiesen, da es Fehler reduziert und es mir erm\u00f6glicht, bequem jede Strategie anzuwenden, die ich f\u00fcr jeden Patienten f\u00fcr geeignet halte.<\/p>\n<p>Ich glaube, dass diese Tabelle f\u00fcr jeden wertvoll sein wird, der sich eingehend mit der Methode befassen m\u00f6chte, daher habe ich mich entschieden, das weiterzugeben, was mir immens geholfen hat.<\/p>\n<p>Abmessungen \u2013 297 mm x 420 mm, 29,7 cm x 42 cm oder 11,7 Zoll x 16,5 Zoll<br \/>Gewicht \u2013 30 g<br \/><span class=\"HwtZe\" lang=\"de\"><span class=\"jCAhz ChMk0b\"><span class=\"ryNqvb\">Sprache: Englisch<br \/>Versand: Jedes Poster wird einzeln versendet. F\u00fcr jedes Poster fallen Versandkosten an.<br \/><\/span><\/span><\/span><\/p>\n","protected":false},"featured_media":15694,"comment_status":"closed","ping_status":"closed","template":"","meta":[],"product_brand":[],"product_cat":[84],"product_tag":[],"class_list":{"0":"post-15673","1":"product","2":"type-product","3":"status-publish","4":"has-post-thumbnail","6":"product_cat-unkategorisiert","7":"product_shipping_class-poster-de","9":"first","10":"instock","11":"shipping-taxable","12":"purchasable","13":"product-type-simple"},"_links":{"self":[{"href":"https:\/\/books.siyuanbalance.com\/de\/wp-json\/wp\/v2\/product\/15673","targetHints":{"allow":["GET"]}}],"collection":[{"href":"https:\/\/books.siyuanbalance.com\/de\/wp-json\/wp\/v2\/product"}],"about":[{"href":"https:\/\/books.siyuanbalance.com\/de\/wp-json\/wp\/v2\/types\/product"}],"replies":[{"embeddable":true,"href":"https:\/\/books.siyuanbalance.com\/de\/wp-json\/wp\/v2\/comments?post=15673"}],"wp:featuredmedia":[{"embeddable":true,"href":"https:\/\/books.siyuanbalance.com\/de\/wp-json\/wp\/v2\/media\/15694"}],"wp:attachment":[{"href":"https:\/\/books.siyuanbalance.com\/de\/wp-json\/wp\/v2\/media?parent=15673"}],"wp:term":[{"taxonomy":"product_brand","embeddable":true,"href":"https:\/\/books.siyuanbalance.com\/de\/wp-json\/wp\/v2\/product_brand?post=15673"},{"taxonomy":"product_cat","embeddable":true,"href":"https:\/\/books.siyuanbalance.com\/de\/wp-json\/wp\/v2\/product_cat?post=15673"},{"taxonomy":"product_tag","embeddable":true,"href":"https:\/\/books.siyuanbalance.com\/de\/wp-json\/wp\/v2\/product_tag?post=15673"}],"curies":[{"name":"wp","href":"https:\/\/api.w.org\/{rel}","templated":true}]}}