{"id":15777,"date":"2024-11-19T10:44:55","date_gmt":"2024-11-19T09:44:55","guid":{"rendered":"https:\/\/books.siyuanbalance.com\/?post_type=product&#038;p=15777"},"modified":"2024-11-29T10:36:48","modified_gmt":"2024-11-29T09:36:48","slug":"poster-zur-balance-methode-gebrauchsfertige-klinische-strategien-auf-deutsh","status":"publish","type":"product","link":"https:\/\/books.siyuanbalance.com\/de\/produkt\/poster-zur-balance-methode-gebrauchsfertige-klinische-strategien-auf-deutsh\/","title":{"rendered":"Poster zur Balance-Methode: Gebrauchsfertige klinische Strategien (auf Deutsh)"},"content":{"rendered":"","protected":false},"excerpt":{"rendered":"<div style=\"padding: 56.6% 0 0 0; position: relative;\"><iframe style=\"position: absolute; top: 0; left: 0; width: 100%; height: 100%;\" title=\"Poster zur Balance-Methode: Gebrauchsfertige klinische Strategien\" src=\"https:\/\/player.vimeo.com\/video\/1031062836?h=eb33fa85a8&amp;badge=0&amp;autopause=0&amp;player_id=0&amp;app_id=58479\" frameborder=\"0\"><\/iframe><\/div>\n<p><script src=\"https:\/\/player.vimeo.com\/api\/player.js\"><\/script><\/p>\n<p>Ich habe diese Tabelle erstellt, um mir in der Klinik zu helfen.<\/p>\n<p>Angesichts der Herausforderung, mir alle Details fortgeschrittener Strategien zu merken, habe ich beschlossen, eine Ressource zu erstellen, die hilfreich ist und es mir erm\u00f6glicht, bei der Behandlung von Patienten schnell zu reagieren.<\/p>\n<p>Dieses Poster hat sich in den letzten Jahren in meiner Praxis als revolution\u00e4r erwiesen, da es Fehler reduziert und es mir erm\u00f6glicht, bequem jede Strategie anzuwenden, die ich f\u00fcr jeden Patienten f\u00fcr geeignet halte.<\/p>\n<p>Ich glaube, dass diese Tabelle f\u00fcr jeden wertvoll sein wird, der sich eingehend mit der Methode befassen m\u00f6chte, daher habe ich mich entschieden, das weiterzugeben, was mir immens geholfen hat.<\/p>\n<p>Abmessungen \u2013 297 mm x 420 mm, 29,7 cm x 42 cm oder 11,7 Zoll x 16,5 Zoll<br \/>\nGewicht \u2013 30 g<br \/>\n<span class=\"HwtZe\" lang=\"de\"><span class=\"jCAhz ChMk0b\"><span class=\"ryNqvb\">Sprache: German<br \/>\nVersand: Jedes Poster wird einzeln versendet. F\u00fcr jedes Poster fallen Versandkosten an.<br \/>\n<span style=\"color: #ff0000;\">Bitte bestellen Sie B\u00fccher und Poster nicht in einem Auftrag. Bitte bestellen Sie B\u00fccher und Poster separat, da sie von verschiedenen Standorten aus\u00a0versandt\u00a0werden<\/span><br \/>\n<\/span><\/span><\/span><\/p>\n","protected":false},"featured_media":15780,"comment_status":"closed","ping_status":"closed","template":"","meta":[],"product_brand":[],"product_cat":[116],"product_tag":[],"class_list":{"0":"post-15777","1":"product","2":"type-product","3":"status-publish","4":"has-post-thumbnail","6":"product_cat-poster-de","7":"product_shipping_class-poster-de","9":"first","10":"instock","11":"shipping-taxable","12":"purchasable","13":"product-type-simple"},"_links":{"self":[{"href":"https:\/\/books.siyuanbalance.com\/de\/wp-json\/wp\/v2\/product\/15777","targetHints":{"allow":["GET"]}}],"collection":[{"href":"https:\/\/books.siyuanbalance.com\/de\/wp-json\/wp\/v2\/product"}],"about":[{"href":"https:\/\/books.siyuanbalance.com\/de\/wp-json\/wp\/v2\/types\/product"}],"replies":[{"embeddable":true,"href":"https:\/\/books.siyuanbalance.com\/de\/wp-json\/wp\/v2\/comments?post=15777"}],"wp:featuredmedia":[{"embeddable":true,"href":"https:\/\/books.siyuanbalance.com\/de\/wp-json\/wp\/v2\/media\/15780"}],"wp:attachment":[{"href":"https:\/\/books.siyuanbalance.com\/de\/wp-json\/wp\/v2\/media?parent=15777"}],"wp:term":[{"taxonomy":"product_brand","embeddable":true,"href":"https:\/\/books.siyuanbalance.com\/de\/wp-json\/wp\/v2\/product_brand?post=15777"},{"taxonomy":"product_cat","embeddable":true,"href":"https:\/\/books.siyuanbalance.com\/de\/wp-json\/wp\/v2\/product_cat?post=15777"},{"taxonomy":"product_tag","embeddable":true,"href":"https:\/\/books.siyuanbalance.com\/de\/wp-json\/wp\/v2\/product_tag?post=15777"}],"curies":[{"name":"wp","href":"https:\/\/api.w.org\/{rel}","templated":true}]}}