{"id":1682,"date":"2013-11-28T18:07:04","date_gmt":"2013-11-28T17:24:33","guid":{"rendered":"http:\/\/books.siyuanbalance.com\/\/\/\/product\/die-balancemethode-und-dr-tans-strategie-der-12-magischen-punkte-deutsch\/"},"modified":"2013-11-28T18:24:33","modified_gmt":"2013-11-28T17:24:33","slug":"die-balancemethode-und-dr-tans-strategie-der-12-magischen-punkte-deutsch","status":"publish","type":"product","link":"https:\/\/books.siyuanbalance.com\/de\/produkt\/die-balancemethode-und-dr-tans-strategie-der-12-magischen-punkte-deutsch\/","title":{"rendered":"Die Balancemethode und Dr. Tan\u00b4s Strategie der 12 Magischen Punkte (Deutsch)"},"content":{"rendered":"","protected":false},"excerpt":{"rendered":"<h3 style=\"text-align: justify;\">Richard Teh-Fu Tan, Richard Teh-Fu Tan, OMD, LAc., San Diego, CA, USA<\/h3>\n<p style=\"text-align: justify;\" align=\"center\">In diesem ersten Buch der Reihe von Dr. Tan\u00b4s B\u00fcchern werden zwei grundlegende Behandlungsstrategien dargestellt: Die F\u00fcnf Systeme der Balancemethode und die Methode der Zw\u00f6lf Magischen Punkte. Die Grundlagen der Balancemethode entspringen dem tausend Jahre alten Wissen, das in klassischen Texten aufgezeichnet und \u00fcberliefert wurde. Dr. Tan hat dieses vorhandene Wissen didaktisch so aufgearbeitet, dass es gut erlernbar, klinisch anwendbar ist und zu reproduzierbaren Ergebnissen f\u00fchrt.<\/p>\n<div style=\"text-align: justify;\" align=\"center\">Die Strategie der Zw\u00f6lf Magischen Punkte ist eine hoch effektive Akupunkturmethode, mit der auch komplizierte Innere Erkrankungen wie das chronische Ersch\u00f6pfungssyndrom, Fibromyalgie, Schlafst\u00f6rungen und das Reizdarmsyndrom erfolgreich behandelt werden k\u00f6nnen. Die Methode wurde von Dr. Tan entwickelt, um speziell Patienten ohne klare Schmerzpunkte, Patienten mit wandernden Schmerzen und mit Schmerzzust\u00e4nden im Bereich mehrerer Meridiane zu helfen. Eine Zusammenstellung von 24 Fallbeispielen aus der Praxis des Autors demonstriert die au\u00dfergew\u00f6hnlichen Behandlungsergebnisse seiner Akupunkturmethode.<\/div>\n<div align=\"center\">\u00a0<\/div>\n<p><strong>Dieses Buch ist in Deutsch<\/strong>, sondern auch avalaible in <a href=\"http:\/\/books.siyuanbalance.com\/\/\/\/fr\/livres\/\">Franz\u00f6sisch<\/a> oder <a href=\"http:\/\/books.siyuanbalance.com\/\/\/\/books\/\">Englisch<\/a>.<\/p>\n<p><a href=\"http:\/\/books.siyuanbalance.com\/\/\/\/de\/bucher\">&gt; Alle B\u00fccher in deutscher<\/a><\/p>\n","protected":false},"featured_media":9338,"comment_status":"closed","ping_status":"closed","template":"","meta":[],"product_brand":[],"product_cat":[84],"product_tag":[],"class_list":{"0":"post-1682","1":"product","2":"type-product","3":"status-publish","4":"has-post-thumbnail","6":"product_cat-unkategorisiert","7":"product_shipping_class-ship-from-germany-de","9":"first","10":"instock","11":"shipping-taxable","12":"purchasable","13":"product-type-simple"},"_links":{"self":[{"href":"https:\/\/books.siyuanbalance.com\/de\/wp-json\/wp\/v2\/product\/1682","targetHints":{"allow":["GET"]}}],"collection":[{"href":"https:\/\/books.siyuanbalance.com\/de\/wp-json\/wp\/v2\/product"}],"about":[{"href":"https:\/\/books.siyuanbalance.com\/de\/wp-json\/wp\/v2\/types\/product"}],"replies":[{"embeddable":true,"href":"https:\/\/books.siyuanbalance.com\/de\/wp-json\/wp\/v2\/comments?post=1682"}],"wp:featuredmedia":[{"embeddable":true,"href":"https:\/\/books.siyuanbalance.com\/de\/wp-json\/wp\/v2\/media\/9338"}],"wp:attachment":[{"href":"https:\/\/books.siyuanbalance.com\/de\/wp-json\/wp\/v2\/media?parent=1682"}],"wp:term":[{"taxonomy":"product_brand","embeddable":true,"href":"https:\/\/books.siyuanbalance.com\/de\/wp-json\/wp\/v2\/product_brand?post=1682"},{"taxonomy":"product_cat","embeddable":true,"href":"https:\/\/books.siyuanbalance.com\/de\/wp-json\/wp\/v2\/product_cat?post=1682"},{"taxonomy":"product_tag","embeddable":true,"href":"https:\/\/books.siyuanbalance.com\/de\/wp-json\/wp\/v2\/product_tag?post=1682"}],"curies":[{"name":"wp","href":"https:\/\/api.w.org\/{rel}","templated":true}]}}