{"id":15571,"date":"2024-09-09T09:13:49","date_gmt":"2024-09-09T08:13:49","guid":{"rendered":"https:\/\/books.siyuanbalance.com\/product\/cartaz-do-metodo-de-equilibrio-estrategias-clinicas-prontas-a-usar-em-portugues\/"},"modified":"2024-09-09T09:13:49","modified_gmt":"2024-09-09T08:13:49","slug":"cartaz-do-metodo-de-equilibrio-estrategias-clinicas-prontas-a-usar-em-portugues","status":"publish","type":"product","link":"https:\/\/books.siyuanbalance.com\/es\/producto\/cartaz-do-metodo-de-equilibrio-estrategias-clinicas-prontas-a-usar-em-portugues\/","title":{"rendered":"Cartaz do M\u00e9todo de Equil\u00edbrio: Estrat\u00e9gias Cl\u00ednicas Prontas a Usar (em portugu\u00eas)"},"content":{"rendered":"","protected":false},"excerpt":{"rendered":"<div style=\"padding: 75% 0 0 0; position: relative;\"><iframe style=\"position: absolute; top: 0; left: 0; width: 100%; height: 100%;\" title=\"Cartaz do M\u00e9todo de Equil\u00edbrio: Estrat\u00e9gias Cl\u00ednicas Prontas a Usar (em portugu\u00eas)\" src=\"https:\/\/player.vimeo.com\/video\/1008129194?h=c5aa6f7bf3&amp;badge=0&amp;autopause=0&amp;player_id=0&amp;app_id=58479\" frameborder=\"0\"><\/iframe><\/div>\n<p><script src=\"https:\/\/player.vimeo.com\/api\/player.js\"><\/script><\/p>\n<p>Criei este poster para me ajudar em cl\u00ednica.<\/p>\n<p>Sendo dif\u00edcil memorizar todos os detalhes das estrat\u00e9gias avan\u00e7adas, decidi criar algo que me pudesse ser \u00fatil e me permitisse ter uma atua\u00e7\u00e3o r\u00e1pida enquanto via os pacientes.<\/p>\n<p>Este poster verificou-se revolucion\u00e1rio nos \u00faltimos anos da minha pr\u00e1tica, eliminando erros e permitindo-me usar, de forma confort\u00e1vel, qualquer estrat\u00e9gia que achasse adequada para o paciente. Creio que este poster ser\u00e1 \u00fatil para todos aqueles que pretendem trabalhar profundamente com o m\u00e9todo e por isso decidi partilhar aquilo que muito\u00a0me\u00a0tem\u00a0ajudado.<\/p>\n<p><span class=\"HwtZe\" lang=\"pt-PT\"><span class=\"jCAhz\"><span class=\"ryNqvb\">Dimens\u00f5es \u2013 297 mm x 420 mm, 29,7 cm x 42 cm ou 11,7 pol.<br \/>\n<\/span><\/span><span class=\"jCAhz ChMk0b\"><span class=\"ryNqvb\">Peso \u2013 30gr<\/span><\/span><\/span><br \/>\n<span class=\"HwtZe\" lang=\"pt-PT\"><span class=\"jCAhz ChMk0b\"><span class=\"ryNqvb\">Idioma: Portugu\u00eas<br \/>\nEnvio: Cada poster \u00e9 enviado individualmente. Um custo de envio por cartaz.<br \/>\n<\/span><\/span><\/span><\/p>\n","protected":false},"featured_media":15506,"comment_status":"closed","ping_status":"closed","template":"","meta":[],"product_brand":[],"product_cat":[86],"product_tag":[],"class_list":{"0":"post-15571","1":"product","2":"type-product","3":"status-publish","4":"has-post-thumbnail","6":"product_cat-sin-categorizar","7":"product_shipping_class-poster-es","9":"first","10":"instock","11":"shipping-taxable","12":"purchasable","13":"product-type-simple"},"_links":{"self":[{"href":"https:\/\/books.siyuanbalance.com\/es\/wp-json\/wp\/v2\/product\/15571","targetHints":{"allow":["GET"]}}],"collection":[{"href":"https:\/\/books.siyuanbalance.com\/es\/wp-json\/wp\/v2\/product"}],"about":[{"href":"https:\/\/books.siyuanbalance.com\/es\/wp-json\/wp\/v2\/types\/product"}],"replies":[{"embeddable":true,"href":"https:\/\/books.siyuanbalance.com\/es\/wp-json\/wp\/v2\/comments?post=15571"}],"wp:featuredmedia":[{"embeddable":true,"href":"https:\/\/books.siyuanbalance.com\/es\/wp-json\/wp\/v2\/media\/15506"}],"wp:attachment":[{"href":"https:\/\/books.siyuanbalance.com\/es\/wp-json\/wp\/v2\/media?parent=15571"}],"wp:term":[{"taxonomy":"product_brand","embeddable":true,"href":"https:\/\/books.siyuanbalance.com\/es\/wp-json\/wp\/v2\/product_brand?post=15571"},{"taxonomy":"product_cat","embeddable":true,"href":"https:\/\/books.siyuanbalance.com\/es\/wp-json\/wp\/v2\/product_cat?post=15571"},{"taxonomy":"product_tag","embeddable":true,"href":"https:\/\/books.siyuanbalance.com\/es\/wp-json\/wp\/v2\/product_tag?post=15571"}],"curies":[{"name":"wp","href":"https:\/\/api.w.org\/{rel}","templated":true}]}}