{"id":15675,"date":"2024-10-16T14:28:41","date_gmt":"2024-10-16T13:28:42","guid":{"rendered":"https:\/\/books.siyuanbalance.com\/?post_type=product&#038;p=15675"},"modified":"2025-06-12T11:44:22","modified_gmt":"2025-06-12T10:44:22","slug":"poster-del-metodo-de-equilibrio-estrategias-clinicas-listas-para-usar-en-ingles-copy","status":"publish","type":"product","link":"https:\/\/books.siyuanbalance.com\/es\/producto\/poster-del-metodo-de-equilibrio-estrategias-clinicas-listas-para-usar-en-ingles-copy\/","title":{"rendered":"P\u00f3ster del M\u00e9todo Balance: Estrategias cl\u00ednicas listas para usar (en franc\u00e9s)"},"content":{"rendered":"<p><br data-mce-bogus=\"1\"><\/p>\n","protected":false},"excerpt":{"rendered":"<div style=\"padding: 75% 0 0 0; position: relative;\" data-mce-style=\"padding: 75% 0 0 0; position: relative;\"><span contenteditable=\"false\" style=\"position: absolute; top: 0; left: 0; width: 100%; height: 100%;\" data-mce-object=\"iframe\" class=\"mce-preview-object mce-object-iframe\" data-mce-p-frameborder=\"0\" data-mce-p-src=\"https:\/\/player.vimeo.com\/video\/968902568?h=ea67a2a492&amp;badge=0&amp;autopause=0&amp;player_id=0&amp;app_id=58479\" data-mce-p-title=\"Rafael Chart Poster\"><iframe src=\"https:\/\/player.vimeo.com\/video\/968902568?h=ea67a2a492&amp;badge=0&amp;autopause=0&amp;player_id=0&amp;app_id=58479\" style=\"position: absolute; top: 0; left: 0; width: 100%; height: 100%;\" frameborder=\"0\"><\/iframe><span class=\"mce-shim\"><\/span><\/span><\/div>\n<p><img loading=\"lazy\" decoding=\"async\" src=\"data:image\/gif;base64,R0lGODlhAQABAIAAAAAAAP\/\/\/yH5BAEAAAAALAAAAAABAAEAAAIBRAA7\" data-wp-preserve=\"%3Cscript%20src%3D%22https%3A%2F%2Fplayer.vimeo.com%2Fapi%2Fplayer.js%22%3E%3C%2Fscript%3E\" data-mce-resize=\"false\" data-mce-placeholder=\"1\" class=\"mce-object\" width=\"20\" height=\"20\" alt=\"<script>\u00bb title=\u00bb<script>\"><\/p>\n<p>Cre\u00e9 este cuadro para ayudarme en la cl\u00ednica.<\/p>\n<p>Dado el desaf\u00edo de memorizar todos los detalles de las estrategias avanzadas, decid\u00ed crear un recurso que fuera \u00fatil y me permitiera responder r\u00e1pidamente mientras atend\u00eda a los pacientes.<\/p>\n<p>Este p\u00f3ster ha demostrado ser revolucionario en mi pr\u00e1ctica en los \u00faltimos a\u00f1os, reduciendo los errores y permiti\u00e9ndome aplicar c\u00f3modamente cualquier estrategia que considere adecuada para cada paciente.<\/p>\n<p>Creo que este cuadro ser\u00e1 valioso para cualquiera que desee profundizar en el m\u00e9todo, por lo que eleg\u00ed compartir lo que me ha resultado inmensamente \u00fatil.<\/p>\n<p>Dimensiones: 297 mm x 420 mm, 29,7 cm x 42 cm o 11,7 in x 16,5 in<br \/>Peso: 30 g<br \/><span class=\"HwtZe\" lang=\"es\"><span class=\"jCAhz ChMk0b\"><span class=\"ryNqvb\">Idioma: ingl\u00e9s<br \/>Env\u00edo: Cada p\u00f3ster se env\u00eda individualmente. Los gastos de env\u00edo se aplican para cada cartel.<br \/><\/span><\/span><\/span><\/p>\n","protected":false},"featured_media":15697,"comment_status":"closed","ping_status":"closed","template":"","meta":[],"product_brand":[],"product_cat":[86],"product_tag":[],"class_list":{"0":"post-15675","1":"product","2":"type-product","3":"status-publish","4":"has-post-thumbnail","6":"product_cat-sin-categorizar","7":"product_shipping_class-poster-es","9":"first","10":"instock","11":"shipping-taxable","12":"purchasable","13":"product-type-simple"},"_links":{"self":[{"href":"https:\/\/books.siyuanbalance.com\/es\/wp-json\/wp\/v2\/product\/15675","targetHints":{"allow":["GET"]}}],"collection":[{"href":"https:\/\/books.siyuanbalance.com\/es\/wp-json\/wp\/v2\/product"}],"about":[{"href":"https:\/\/books.siyuanbalance.com\/es\/wp-json\/wp\/v2\/types\/product"}],"replies":[{"embeddable":true,"href":"https:\/\/books.siyuanbalance.com\/es\/wp-json\/wp\/v2\/comments?post=15675"}],"wp:featuredmedia":[{"embeddable":true,"href":"https:\/\/books.siyuanbalance.com\/es\/wp-json\/wp\/v2\/media\/15697"}],"wp:attachment":[{"href":"https:\/\/books.siyuanbalance.com\/es\/wp-json\/wp\/v2\/media?parent=15675"}],"wp:term":[{"taxonomy":"product_brand","embeddable":true,"href":"https:\/\/books.siyuanbalance.com\/es\/wp-json\/wp\/v2\/product_brand?post=15675"},{"taxonomy":"product_cat","embeddable":true,"href":"https:\/\/books.siyuanbalance.com\/es\/wp-json\/wp\/v2\/product_cat?post=15675"},{"taxonomy":"product_tag","embeddable":true,"href":"https:\/\/books.siyuanbalance.com\/es\/wp-json\/wp\/v2\/product_tag?post=15675"}],"curies":[{"name":"wp","href":"https:\/\/api.w.org\/{rel}","templated":true}]}}