{"id":14093,"date":"2020-09-15T17:05:19","date_gmt":"2020-09-15T16:05:19","guid":{"rendered":"https:\/\/books.siyuanbalance.com\/?page_id=14093"},"modified":"2026-04-27T12:47:05","modified_gmt":"2026-04-27T11:47:05","slug":"livres","status":"publish","type":"page","link":"https:\/\/books.siyuanbalance.com\/fr\/","title":{"rendered":"Livres"},"content":{"rendered":"<div  style='padding-bottom:10px; ' class='av-special-heading av-special-heading-h1  blockquote modern-quote  avia-builder-el-0  el_before_av_textblock  avia-builder-el-first  '><h1 class='av-special-heading-tag '  >Livres<\/h1><div class='special-heading-border'><div class='special-heading-inner-border' ><\/div><\/div><\/div>\n<section class=\"av_textblock_section \" ><div class='avia_textblock  '  ><p>Tous les livres existent en langue <a href=\"http:\/\/books.siyuanbalance.com\/\/\/\/books\/\">Anglaise<\/a> et <a href=\"http:\/\/books.siyuanbalance.com\/\/\/\/de\/bucher\">Allemande<\/a>. Les deux premiers de la liste sont actuellement disponibles en Fran\u00e7ais. <strong>Attention: merci de ne pas commander des livres versions fran\u00e7aise, allemande et anglaise dans la m\u00eame commande. Veuillez faire des commandes s\u00e9par\u00e9es.<\/strong><br \/>\n<!--span><strong>L'exp\u00e9dition des commandes se fait une fois par semaine le vendredi matin.<\/strong><\/span--><br \/>\nLes livres sont exp\u00e9di\u00e9s depuis la France. Le d\u00e9lai de livraison approximatif en France est de 5 jours\u00a0ouvrables, en Europe de 8 \u00e0 12 jours ouvrables, hors Europe de 12 \u00e0 30 jours ouvrables, Australie\/Asie de 30 \u00e0 40 jours\u00a0ouvrables.<\/p>\n<p>Veuillez noter que dans certains pays, si le destinataire n&rsquo;est pas pr\u00e9sent le jour de la livraison, il sera inform\u00e9 qu&rsquo;il doit aller chercher le colis \u00e0 un point de retrait proche. Dans ce cas, il est de la responsabilit\u00e9 du destinataire d&rsquo;aller chercher\u00a0le\u00a0colis.<\/p>\n<p>Veuillez noter que des d\u00e9lais suppl\u00e9mentaires peuvent s&rsquo;appliquer suite aux formalit\u00e9s de douane.<\/p>\n<ul>\n<li>Pour commander les livres en Anglais, <a href=\"http:\/\/books.siyuanbalance.com\" target=\"_blank\" rel=\"noopener\">cliquez ici<\/a>.<\/li>\n<li>Pour commander les livres en version Allemande, <a href=\"http:\/\/books.siyuanbalance.com\/de\/bucher\" target=\"_blank\" rel=\"noopener\">cliquez ici<\/a>.<\/li>\n<\/ul>\n<\/div><\/section>\n<div class=\"flex_column av_two_third  flex_column_div av-zero-column-padding first  avia-builder-el-2  el_after_av_textblock  el_before_av_one_third  column-top-margin\" style='border-radius:0px; '><section class=\"av_textblock_section \" ><div class='avia_textblock  '  ><h2>Acuponcture 123<\/h2>\n<h3>Richard Teh-Fu Tan, Richard Teh-Fu Tan, OMD, LAc., San Diego, CA, USA<\/h3>\n<p>Dr Richard Teh-Fu Tan a condens\u00e9 des ann\u00e9es d\u2019exp\u00e9rience personnelle dans ce manuel de traitement simple et efficace. Ce livre inestimable deviendra votre r\u00e9ference pratique favorite lors de votre exercice clinique quotidien. En r\u00e9ponse \u00e0 la demande de ses \u00e9tudiants, Dr Tan a r\u00e9sum\u00e9 ses tr\u00e8s populaires Cinq Syst\u00e8mes sous la forme d\u2019un guide pr\u00e9sentant par ordre alphab\u00e9tique les sympt\u00f4mes cliniques les plus courants. Les novices comme les praticiens aguerris de la \u00ab Balance Method \u00bb seront impressionn\u00e9s par les r\u00e9sultats obtenus en suivant simplement les trois \u00e9tapes fondamentales d\u00e9velopp\u00e9es dans Acuponcture 1, 2, 3. Dr Tan a r\u00e9uni ses tr\u00e9sors cliniques dans ce manuel pratique. Vous en mettrez un exemplaire dans chaque salle de consultation !<\/p>\n<p><strong>Ce livre est en Fran\u00e7ais<\/strong>, mais \u00e9galement disponible en <a href=\"http:\/\/books.siyuanbalance.com\" target=\"_blank\" rel=\"noopener\">Anglais<\/a> ou en <a href=\"http:\/\/books.siyuanbalance.com\/\/\/\/de\/bucher\">Allemand<\/a>.<\/p>\n<p class=\"product woocommerce add_to_cart_inline \" style=\"border:4px solid #ccc; padding: 12px;\"><span class=\"woocommerce-Price-amount amount\"><bdi>40.00<span class=\"woocommerce-Price-currencySymbol\">&euro;<\/span><\/bdi><\/span><a href=\"\/fr\/wp-json\/wp\/v2\/pages\/14093?add-to-cart=1604\" aria-describedby=\"woocommerce_loop_add_to_cart_link_describedby_1604\" data-quantity=\"1\" class=\"button product_type_simple add_to_cart_button ajax_add_to_cart\" data-product_id=\"1604\" data-product_sku=\"BOOK01FR\" aria-label=\"Ajouter au panier\u00a0: &ldquo;Acupuncture 1, 2, 3, (in French)&rdquo;\" rel=\"nofollow\" data-success_message=\"\u00ab\u00a0Acupuncture 1, 2, 3, (in French)\u00a0\u00bb a \u00e9t\u00e9 ajout\u00e9 \u00e0 votre panier\">Ajouter au panier<\/a>\t<span id=\"woocommerce_loop_add_to_cart_link_describedby_1604\" class=\"screen-reader-text\">\n\t\t\t<\/span>\n<\/p>\n<\/div><\/section><\/div>\n<div class=\"flex_column av_one_third  flex_column_div av-zero-column-padding   avia-builder-el-4  el_after_av_two_third  el_before_av_hr  column-top-margin\" style='border-radius:0px; '><div  class='avia-image-container  av-styling-    avia-builder-el-5  avia-builder-el-no-sibling  avia-align-center '  ><div class='avia-image-container-inner'><div class='avia-image-overlay-wrap'><img decoding=\"async\" class='wp-image-14439 avia-img-lazy-loading-not-14439 avia_image' src=\"https:\/\/books.siyuanbalance.com\/wp-content\/uploads\/2013\/11\/ap123-fr.jpg\" alt='' title='ap123-fr' height=\"800\" width=\"526\" srcset=\"https:\/\/books.siyuanbalance.com\/wp-content\/uploads\/2013\/11\/ap123-fr.jpg 526w, https:\/\/books.siyuanbalance.com\/wp-content\/uploads\/2013\/11\/ap123-fr-197x300.jpg 197w, https:\/\/books.siyuanbalance.com\/wp-content\/uploads\/2013\/11\/ap123-fr-464x705.jpg 464w, https:\/\/books.siyuanbalance.com\/wp-content\/uploads\/2013\/11\/ap123-fr-300x456.jpg 300w\" sizes=\"(max-width: 526px) 100vw, 526px\" \/><\/div><\/div><\/div><\/div>\n<div   class='hr hr-short hr-center   avia-builder-el-6  el_after_av_one_third  el_before_av_one_third '><span class='hr-inner ' ><span class='hr-inner-style'><\/span><\/span><\/div>\n<div class=\"flex_column av_one_third  flex_column_div av-zero-column-padding first  avia-builder-el-7  el_after_av_hr  el_before_av_two_third  \" style='border-radius:0px; '><div  class='avia-image-container  av-styling-    avia-builder-el-8  avia-builder-el-no-sibling  avia-align-center '  ><div class='avia-image-container-inner'><div class='avia-image-overlay-wrap'><img decoding=\"async\" class='wp-image-14433 avia-img-lazy-loading-not-14433 avia_image' src=\"https:\/\/books.siyuanbalance.com\/wp-content\/uploads\/2013\/11\/12mp-fr.jpg\" alt='' title='12mp-fr' height=\"800\" width=\"543\" srcset=\"https:\/\/books.siyuanbalance.com\/wp-content\/uploads\/2013\/11\/12mp-fr.jpg 543w, https:\/\/books.siyuanbalance.com\/wp-content\/uploads\/2013\/11\/12mp-fr-204x300.jpg 204w, https:\/\/books.siyuanbalance.com\/wp-content\/uploads\/2013\/11\/12mp-fr-479x705.jpg 479w, https:\/\/books.siyuanbalance.com\/wp-content\/uploads\/2013\/11\/12mp-fr-300x442.jpg 300w\" sizes=\"(max-width: 543px) 100vw, 543px\" \/><\/div><\/div><\/div><\/div>\n<div class=\"flex_column av_two_third  flex_column_div av-zero-column-padding   avia-builder-el-9  el_after_av_one_third  el_before_av_hr  \" style='border-radius:0px; '><section class=\"av_textblock_section \" ><div class='avia_textblock  '  ><h2>La Strat\u00e9gie des 12 Points Magiques de Dr TAN<\/h2>\n<h3>Richard Teh-Fu Tan, Richard Teh-Fu Tan, OMD, LAc., San Diego, CA, USA<\/h3>\n<p style=\"text-align: left;\" align=\"center\">La Strat\u00e9gie des Douze Points Magiques de Dr Tan a pour objectif le traitement de syndromes internes complexes tels que la fibromyalgie, l&rsquo;insomnie, le syndrome d&rsquo;irritation de l&rsquo;intestin etc. En s&rsquo;appliquant en particulier aux cas cliniques pr\u00e9sentant des douleurs qui se d\u00e9placent, ou qui atteignent plusieurs m\u00e9ridiens, ou encore aux pathologies non douloureuses, ce manuel propose une approche unique et cibl\u00e9e impliquant les douze m\u00e9ridiens \u00e0 l&rsquo;aide de douze aiguilles. Ce livre tr\u00e8s pratique d&rsquo;utilisation renferme \u00e9galement de nombreuses \u00e9tudes de cas cliniques.<\/p>\n<p><strong>Ce livre est en Fran\u00e7ais<\/strong>, mais \u00e9galement disponible en <a href=\"http:\/\/books.siyuanbalance.com\" target=\"_blank\" rel=\"noopener\">Anglais<\/a> ou en <a href=\"http:\/\/books.siyuanbalance.com\/\/\/\/de\/bucher\">Allemand<\/a>.<\/p>\n<p class=\"product woocommerce add_to_cart_inline \" style=\"border:4px solid #ccc; padding: 12px;\"><span class=\"woocommerce-Price-amount amount\"><bdi>40.00<span class=\"woocommerce-Price-currencySymbol\">&euro;<\/span><\/bdi><\/span><a href=\"\/fr\/wp-json\/wp\/v2\/pages\/14093?add-to-cart=1654\" aria-describedby=\"woocommerce_loop_add_to_cart_link_describedby_1654\" data-quantity=\"1\" class=\"button product_type_simple add_to_cart_button ajax_add_to_cart\" data-product_id=\"1654\" data-product_sku=\"BOOK02FR\" aria-label=\"Ajouter au panier\u00a0: &ldquo;Dr. Tan\u2019s Strategy of 12 Magical Points (in French)&rdquo;\" rel=\"nofollow\" data-success_message=\"\u00ab\u00a0Dr. Tan\u2019s Strategy of 12 Magical Points (in French)\u00a0\u00bb a \u00e9t\u00e9 ajout\u00e9 \u00e0 votre panier\">Ajouter au panier<\/a>\t<span id=\"woocommerce_loop_add_to_cart_link_describedby_1654\" class=\"screen-reader-text\">\n\t\t\t<\/span>\n<\/p>\n<\/div><\/section><\/div>\n<div   class='hr hr-short hr-center   avia-builder-el-11  el_after_av_two_third  el_before_av_two_third '><span class='hr-inner ' ><span class='hr-inner-style'><\/span><\/span><\/div>\n<div class=\"flex_column av_two_third  flex_column_div av-zero-column-padding first  avia-builder-el-12  el_after_av_hr  el_before_av_one_third  \" style='border-radius:0px; '><section class=\"av_textblock_section \" ><div class='avia_textblock  '  ><h2>Twelve &amp; Twelve in Acupuncture<\/h2>\n<h3>Richard Teh-Fu Tan &amp; Stephen Rush, Richard Teh-Fu Tan, OMD, LAc., San Diego, CA, USA, 2003<\/h3>\n<p style=\"text-align: left;\" align=\"center\">Le premier d\u2019une s\u00e9rie de livres par Richard Tan, L.Ac., O.M.D. et Stephen Rush, L.Ac. se concentre sur l\u2019emploi de points d\u2019acuponcture uniques et sur des \u00e9tudes de cas cliniques. Cet ouvrage rel\u00e8ve d\u2019une m\u00e9thode de traitement de la douleur stup\u00e9fiante et extr\u00eamement efficace utilisant la strat\u00e9gie des points distaux.<\/p>\n<p><strong>Ce livre est n&rsquo;existe pas en Fran\u00e7ais<\/strong>, mais il est disponible en <a href=\"http:\/\/books.siyuanbalance.com\" target=\"_blank\" rel=\"noopener\">Anglais<\/a> ou en <a href=\"http:\/\/books.siyuanbalance.com\/\/\/\/de\/bucher\">Allemand<\/a>. <strong>Attention: merci de ne pas commander des livres versions fran\u00e7aise, allemande et anglaise dans la m\u00eame commande. Veuillez faire des commandes s\u00e9par\u00e9es.<\/strong><\/p>\n<\/div><\/section><\/div>\n<div class=\"flex_column av_one_third  flex_column_div av-zero-column-padding   avia-builder-el-14  el_after_av_two_third  el_before_av_hr  \" style='border-radius:0px; '><div  class='avia-image-container  av-styling-    avia-builder-el-15  avia-builder-el-no-sibling  avia-align-center '  ><div class='avia-image-container-inner'><div class='avia-image-overlay-wrap'><img decoding=\"async\" class='wp-image-1609 avia-img-lazy-loading-not-1609 avia_image' src=\"https:\/\/books.siyuanbalance.com\/wp-content\/uploads\/2013\/11\/book12and12inAP.jpg\" alt='' title='book12and12inAP' height=\"677\" width=\"450\" srcset=\"https:\/\/books.siyuanbalance.com\/wp-content\/uploads\/2013\/11\/book12and12inAP.jpg 450w, https:\/\/books.siyuanbalance.com\/wp-content\/uploads\/2013\/11\/book12and12inAP-300x451.jpg 300w, https:\/\/books.siyuanbalance.com\/wp-content\/uploads\/2013\/11\/book12and12inAP-199x300.jpg 199w, https:\/\/books.siyuanbalance.com\/wp-content\/uploads\/2013\/11\/book12and12inAP-39x60.jpg 39w, https:\/\/books.siyuanbalance.com\/wp-content\/uploads\/2013\/11\/book12and12inAP-364x547.jpg 364w, https:\/\/books.siyuanbalance.com\/wp-content\/uploads\/2013\/11\/book12and12inAP-398x600.jpg 398w, https:\/\/books.siyuanbalance.com\/wp-content\/uploads\/2013\/11\/book12and12inAP-79x120.jpg 79w\" sizes=\"(max-width: 450px) 100vw, 450px\" \/><\/div><\/div><\/div><\/div>\n<div   class='hr hr-short hr-center   avia-builder-el-16  el_after_av_one_third  el_before_av_one_third '><span class='hr-inner ' ><span class='hr-inner-style'><\/span><\/span><\/div>\n<div class=\"flex_column av_one_third  flex_column_div av-zero-column-padding first  avia-builder-el-17  el_after_av_hr  el_before_av_two_third  \" style='border-radius:0px; '><div  class='avia-image-container  av-styling-    avia-builder-el-18  avia-builder-el-no-sibling  avia-align-center '  ><div class='avia-image-container-inner'><div class='avia-image-overlay-wrap'><img decoding=\"async\" class='wp-image-1615 avia-img-lazy-loading-not-1615 avia_image' src=\"https:\/\/books.siyuanbalance.com\/wp-content\/uploads\/2013\/11\/book24more_in_AP.jpg\" alt='' title='book24more_in_AP' height=\"669\" width=\"450\" srcset=\"https:\/\/books.siyuanbalance.com\/wp-content\/uploads\/2013\/11\/book24more_in_AP.jpg 450w, https:\/\/books.siyuanbalance.com\/wp-content\/uploads\/2013\/11\/book24more_in_AP-300x446.jpg 300w, https:\/\/books.siyuanbalance.com\/wp-content\/uploads\/2013\/11\/book24more_in_AP-201x300.jpg 201w, https:\/\/books.siyuanbalance.com\/wp-content\/uploads\/2013\/11\/book24more_in_AP-40x60.jpg 40w, https:\/\/books.siyuanbalance.com\/wp-content\/uploads\/2013\/11\/book24more_in_AP-364x541.jpg 364w, https:\/\/books.siyuanbalance.com\/wp-content\/uploads\/2013\/11\/book24more_in_AP-403x600.jpg 403w, https:\/\/books.siyuanbalance.com\/wp-content\/uploads\/2013\/11\/book24more_in_AP-80x120.jpg 80w\" sizes=\"(max-width: 450px) 100vw, 450px\" \/><\/div><\/div><\/div><\/div>\n<div class=\"flex_column av_two_third  flex_column_div av-zero-column-padding   avia-builder-el-19  el_after_av_one_third  el_before_av_hr  \" style='border-radius:0px; '><section class=\"av_textblock_section \" ><div class='avia_textblock  '  ><h2 style=\"text-align: left;\">Twenty-Four More in Acupuncture<\/h2>\n<h3 style=\"text-align: left;\">Richard Teh-Fu Tan &amp; Stephen Rush, Richard Teh-Fu Tan, OMD, LAc., San Diego, CA, USA, 2003<\/h3>\n<p style=\"text-align: left;\" align=\"center\">Le second d\u2019une s\u00e9rie de livres par Richard Tan, L.Ac., O.M.D. et Stephen Rush, L.Ac. se concentre sur l\u2019emploi de points d\u2019acuponcture uniques et sur des \u00e9tudes de cas cliniques. Cet ouvrage rel\u00e8ve d\u2019une m\u00e9thode de traitement de la douleur stup\u00e9fiante et extr\u00eamement efficace utilisant la strat\u00e9gie des points distaux. Ce livre est un \u00ab indispensable \u00bb pour ceux qui poss\u00e8dent le premier ouvrage de la s\u00e9rie, Twelve and Twelve in Acupuncture.<\/p>\n<p style=\"text-align: left;\"><strong>Ce livre est n&rsquo;existe pas en Fran\u00e7ais<\/strong>, mais il est disponible en <a href=\"http:\/\/books.siyuanbalance.com\" target=\"_blank\" rel=\"noopener\">Anglais<\/a> ou en <a href=\"http:\/\/books.siyuanbalance.com\/\/\/\/de\/bucher\">Allemand<\/a>. <strong>Attention: merci de ne pas commander des livres versions fran\u00e7aise, allemande et anglaise dans la m\u00eame commande. Veuillez faire des commandes s\u00e9par\u00e9es.<\/strong><\/p>\n<\/div><\/section><\/div>\n<div   class='hr hr-short hr-center   avia-builder-el-21  el_after_av_two_third  el_before_av_two_third '><span class='hr-inner ' ><span class='hr-inner-style'><\/span><\/span><\/div>\n<div class=\"flex_column av_two_third  flex_column_div av-zero-column-padding first  avia-builder-el-22  el_after_av_hr  el_before_av_one_third  \" style='border-radius:0px; '><section class=\"av_textblock_section \" ><div class='avia_textblock  '  ><h2>Shower of Jewels<\/h2>\n<h3>Richard Teh-Fu Tan &amp; Cheryl Warnke, Richard Reh-Fu Tan, OMD, LAc., San Diego, CA, USA, 1996<\/h3>\n<p>FENG SHUI : UN GUIDE PRATIQUE ET DIVERTISSANT SUR LES ANCIENS PRINCIPES DE PLACEMENT ET LA MANIPULATION DE LA GEOENERGIE.<br \/>\nPar Richard Tan, L.Ac., O.M.D. et Cheryl Warnke, L.Ac. Shower of Jewels est actuellement le livre de Feng Shui (sur le march\u00e9) le plus facile \u00e0 comprendre et \u00e0 appliquer. Vos patients et vous-m\u00eame ne vous sentirez d\u00e9sormais plus les victimes impuissantes de votre environement et des circonstances. En vous \u00e9duquant aux principes du Feng Shui, vous acc\u00e9dez au pouvoir de cr\u00e9er un environnement qui travaille en votre faveur.<\/p>\n<p><strong>Ce livre est n&rsquo;existe pas en Fran\u00e7ais<\/strong>, mais il est disponible en <a href=\"http:\/\/books.siyuanbalance.com\" target=\"_blank\" rel=\"noopener\">Anglais<\/a> ou en <a href=\"http:\/\/books.siyuanbalance.com\/\/\/\/de\/bucher\">Allemand<\/a>.<\/p>\n<p><strong>Attention: merci de ne pas commander des livres versions fran\u00e7aise, allemande et anglaise dans la m\u00eame commande. Veuillez faire des commandes s\u00e9par\u00e9es.<\/strong><\/p>\n<\/div><\/section><\/div>\n<div class=\"flex_column av_one_third  flex_column_div av-zero-column-padding   avia-builder-el-24  el_after_av_two_third  avia-builder-el-last  \" style='border-radius:0px; '><div  class='avia-image-container  av-styling-    avia-builder-el-25  avia-builder-el-no-sibling  avia-align-center '  ><div class='avia-image-container-inner'><div class='avia-image-overlay-wrap'><img decoding=\"async\" class='wp-image-1621 avia-img-lazy-loading-not-1621 avia_image' src=\"https:\/\/books.siyuanbalance.com\/wp-content\/uploads\/2013\/11\/bookshower_of_jewels.jpg\" alt='' title='bookshower_of_jewels' height=\"670\" width=\"450\" srcset=\"https:\/\/books.siyuanbalance.com\/wp-content\/uploads\/2013\/11\/bookshower_of_jewels.jpg 450w, https:\/\/books.siyuanbalance.com\/wp-content\/uploads\/2013\/11\/bookshower_of_jewels-300x447.jpg 300w, https:\/\/books.siyuanbalance.com\/wp-content\/uploads\/2013\/11\/bookshower_of_jewels-201x300.jpg 201w, https:\/\/books.siyuanbalance.com\/wp-content\/uploads\/2013\/11\/bookshower_of_jewels-40x60.jpg 40w, https:\/\/books.siyuanbalance.com\/wp-content\/uploads\/2013\/11\/bookshower_of_jewels-364x541.jpg 364w, https:\/\/books.siyuanbalance.com\/wp-content\/uploads\/2013\/11\/bookshower_of_jewels-402x600.jpg 402w, https:\/\/books.siyuanbalance.com\/wp-content\/uploads\/2013\/11\/bookshower_of_jewels-80x120.jpg 80w\" sizes=\"(max-width: 450px) 100vw, 450px\" \/><\/div><\/div><\/div><\/div>\n","protected":false},"excerpt":{"rendered":"","protected":false},"author":1,"featured_media":0,"parent":0,"menu_order":0,"comment_status":"open","ping_status":"open","template":"","meta":{"footnotes":""},"class_list":["post-14093","page","type-page","status-publish","hentry"],"_links":{"self":[{"href":"https:\/\/books.siyuanbalance.com\/fr\/wp-json\/wp\/v2\/pages\/14093","targetHints":{"allow":["GET"]}}],"collection":[{"href":"https:\/\/books.siyuanbalance.com\/fr\/wp-json\/wp\/v2\/pages"}],"about":[{"href":"https:\/\/books.siyuanbalance.com\/fr\/wp-json\/wp\/v2\/types\/page"}],"author":[{"embeddable":true,"href":"https:\/\/books.siyuanbalance.com\/fr\/wp-json\/wp\/v2\/users\/1"}],"replies":[{"embeddable":true,"href":"https:\/\/books.siyuanbalance.com\/fr\/wp-json\/wp\/v2\/comments?post=14093"}],"version-history":[{"count":2,"href":"https:\/\/books.siyuanbalance.com\/fr\/wp-json\/wp\/v2\/pages\/14093\/revisions"}],"predecessor-version":[{"id":16262,"href":"https:\/\/books.siyuanbalance.com\/fr\/wp-json\/wp\/v2\/pages\/14093\/revisions\/16262"}],"wp:attachment":[{"href":"https:\/\/books.siyuanbalance.com\/fr\/wp-json\/wp\/v2\/media?parent=14093"}],"curies":[{"name":"wp","href":"https:\/\/api.w.org\/{rel}","templated":true}]}}