{"id":14243,"date":"2020-09-21T11:03:58","date_gmt":"2020-09-21T10:03:58","guid":{"rendered":"https:\/\/books.siyuanbalance.com\/politique-de-confidentialite-et-mentions-legales\/"},"modified":"2020-09-21T11:03:58","modified_gmt":"2020-09-21T10:03:58","slug":"politique-de-confidentialite-et-mentions-legales","status":"publish","type":"page","link":"https:\/\/books.siyuanbalance.com\/fr\/politique-de-confidentialite-et-mentions-legales\/","title":{"rendered":"Politique de Confidentialit\u00e9 et Mentions L\u00e9gales"},"content":{"rendered":"<div  style='padding-bottom:10px; ' class='av-special-heading av-special-heading-h1    avia-builder-el-0  el_before_av_toggle_container  avia-builder-el-first  '><h1 class='av-special-heading-tag '  >Politique de Confidentialit\u00e9 et Mentions L\u00e9gales<\/h1><div class='special-heading-border'><div class='special-heading-inner-border' ><\/div><\/div><\/div>\n<div  class=\"togglecontainer   toggle_close_all  avia-builder-el-1  el_after_av_heading  avia-builder-el-last \" >\n<section class=\"av_toggle_section\"  >    <div role=\"tablist\" class=\"single_toggle\" data-tags=\"{Tout} \"  >        <p data-fake-id=\"#toggle-id-1\" class=\"toggler \"    role=\"tab\" tabindex=\"0\" aria-controls=\"toggle-id-1\">Conditions de Service<span class=\"toggle_icon\" >        <span class=\"vert_icon\"><\/span><span class=\"hor_icon\"><\/span><\/span><\/p>        <div id=\"toggle-id-1\" class=\"toggle_wrap \"  >            <div class=\"toggle_content invers-color \"   ><p>Ce site internet est op\u00e9r\u00e9 par Si Yuan Balance Method SARL. Vous pouvez \u00e0 tout moment acc\u00e9der \u00e0 nos Conditions de Service d\u00e9taill\u00e9es en t\u00e9l\u00e9chargeant <a href=\"https:\/\/www.siyuanbalance.com\/wp-content\/uploads\/2018\/05\/Legal-Notice.pdf\">Si Yuan Balance Method SARL Legal Notice<\/a>. Merci de lire ces Conditions de Service avec attention avant d\u2019acc\u00e9der ou d\u2019utiliser notre site internet. En acc\u00e9dant ou en utilisant ce site, quelle qu\u2019en soit la page, vous acceptez d\u2019\u00eatre par ces Conditions de Service.<\/p>\n<p>Il rel\u00e8ve de votre responsabilit\u00e9 de consulter r\u00e9guli\u00e8rement les \u00e9ventuels changements apport\u00e9s \u00e0 ces Conditions de Service.<\/p>\n<ul>\n<li>Vous ne devez pas utiliser nos produits \u00e0 toute fin ill\u00e9gale ou non autoris\u00e9e, vous ne devez pas non plus, en utilisant notre Service, violer toute loi dans votre juridiction (cela inclue, mais ne se limite pas, aux lois de copyright et droites d\u2019auteurs.<\/li>\n<li>Vous acceptez de ne pas reproduire, dupliquer, copier, vendre, revendre ou exploiter toute partie de ce service sans une permission explicite et \u00e9crite de notre part.<\/li>\n<li>Nous nous r\u00e9servons le droit de refuser notre Service \u00e0 quiconque pour n\u2019importe quelle raison et \u00e0 n\u2019importe quel moment.<\/li>\n<li>Les prix de nos produits peuvent changer sans notification.<\/li>\n<li>Nous avons mis en place tous les efforts possibles pour afficher les couleurs et images de nos produits disponibles \u00e0 la vente. Nous ne pouvons pas garantir comment que votre \u00e9cran les fera appara\u00eetre de fa\u00e7on exacte.<\/li>\n<li>Les lieux et dates des formations peuvent changer, merci de v\u00e9rifier avec nous avant de faire tout projet de voyage.<\/li>\n<li>Conditions d\u2019annulation des formations : 80% rembours\u00e9s pour toute annulation re\u00e7ue au plus tard 15 jours ouvr\u00e9s avant le premier jour de la formation concern\u00e9e. Aucun remboursement ne sera effectu\u00e9 pass\u00e9 cette limite des 15 jours ouvr\u00e9s.<\/li>\n<li>Tout produit envoy\u00e9 est non remboursable<\/li>\n<li>Vous acceptez de fournir actualis\u00e9es, compl\u00e8tes et exactes dans votre compte pour tout achat fait sur notre site. Vous vous engagez \u00e0 mettre \u00e0 jour rapidement votre compte ou toute autre information, y compris l\u2019adresse email, pour que nous puissions proc\u00e9der aux transactions et vous contacter si besoin.<\/li>\n<li>Nous pourrions \u00eatre amen\u00e9 \u00e0 recommander des sites internet ou des outils tiers. Nous n\u2019avons aucune responsabilit\u00e9 ou engagement concernant ou d\u00e9rivant de votre utilisation de ces outils et sites internet optionnels tiers.<\/li>\n<li>Si, \u00e0 notre sollicitation ou sans notre sollicitation, vous envoyez une contribution ou un mat\u00e9riel ou commentaire, que ce soit en ligne, par email par courrier ou par tout autre moyen, vous acceptez que nous pourrions, \u00e0 tout moment et sans restriction, \u00e9diter, copier, publier, distribuer, traduire ou faire tout autre usage par tout moyen tout commentaire que vous nous auriez envoy\u00e9.<\/li>\n<li>Nous n\u2019avons aucune responsabilit\u00e9 et ne prenons aucun engagement sur tout comentaire post\u00e9 par vous ou personne tierce sur nos site internet et m\u00e9dias sociaux.<\/li>\n<li>Vous pouvez mettre fin \u00e0 ces Conditions de Service \u00e0 tout moment en nous informant que vous ne souhaitez plus utiliser nos Services, ou quand vous cessez d\u2019utiliser notre site.<\/li>\n<li>Toute question sur les Conditions de Service doivent nous \u00eatre adress\u00e9es \u00e0 l\u2019email situ\u00e9 en bas de page.<\/li>\n<\/ul>\n            <\/div>        <\/div>    <\/div><\/section>\n<section class=\"av_toggle_section\"  >    <div role=\"tablist\" class=\"single_toggle\" data-tags=\"{Tout} \"  >        <p data-fake-id=\"#toggle-id-2\" class=\"toggler \"    role=\"tab\" tabindex=\"0\" aria-controls=\"toggle-id-2\">Conditions d\u2019Autorisation sur le Droit \u00e0 l\u2019Image<span class=\"toggle_icon\" >        <span class=\"vert_icon\"><\/span><span class=\"hor_icon\"><\/span><\/span><\/p>        <div id=\"toggle-id-2\" class=\"toggle_wrap \"  >            <div class=\"toggle_content invers-color \"   ><div title=\"\">\n<p>Lors de toute participation \u00e0 un \u00e9v\u00e8nement Si Yuan, il vous sera demand\u00e9 de signer l\u2019autorisation ci-dessous. Si vous ne souhaitez pas donner cette autorisation, il vous suffira de vous signaler d\u00e8s votre arriv\u00e9e le premier jour et nous ferons en sorte que vous n\u2019apparaissiez sur aucune photo ou vid\u00e9o.<\/p>\n<p>Objet : Autorisation de filmer, photographier et publier des images et vid\u00e9os.<\/p>\n<p>Par ma pr\u00e9sence \u00e0 la formation Si Yuan [xxx] ayant lieu \u00e0 [xxx] du [xxx], j\u2019autorise, \u00e0 titre gratuit, Si Yuan Wen Jiao Gong Si et ses agents et ayants droit, \u00e0:<\/p>\n<ul>\n<li>me photographier et me filmer,<\/li>\n<li>apporter \u00e0 la fixation initiale de mon image ou vid\u00e9o toutes modifications, adaptations ou suppressions jug\u00e9es utiles,<\/li>\n<li>utiliser mon image ou vid\u00e9o, les publier, les reproduire, les adapter ou les modifier, seules ou en combinaison avec d\u2019autres mat\u00e9riels, par tous les moyens, m\u00e9thodes ou techniques actuellement connues ou \u00e0 venir,<\/li>\n<li>\u00e0 reproduire et exploiter mon image ou vid\u00e9o.<\/li>\n<\/ul>\n<p>Cette autorisation est valable pour une utilisation:<\/p>\n<ul>\n<li>Pour une dur\u00e9e illimit\u00e9e,<\/li>\n<li>Sur les territoires : monde, tous pays,<\/li>\n<li>Sur tous les supports mat\u00e9riels et immat\u00e9riels, en tous formats connus ou inconnus \u00e0 ce jour, et notamment, sans que cette liste ne soit exhaustive: support papier, brochures, livres et \u00e9ditions diverses, CDROM \/ DVDROM et autres supports num\u00e9riques connus et inconnus \u00e0 ce jour, tout support audiovisuel, internet (incluant Intranet, Extranet, Blogs, r\u00e9seaux sociaux), tous vecteurs de r\u00e9ception confondus (smartphones, tablettes, etc.), m\u00e9dias presse, supports de communication interne, supports promotionnels, supports destin\u00e9s \u00e0 la vente, droit d\u2019int\u00e9gration dans une autre \u0153uvre\/\u0153uvre multim\u00e9dia.<\/li>\n<\/ul>\n<p>Je peux me r\u00e9tracter \u00e0 tout moment, sur simple demande \u00e9crite \u00e0 email@siyuanbalance.com. La r\u00e9tractation annule l\u2019autorisation de droit \u00e0 l\u2019image \u00e0 partir de la date de confirmation de r\u00e9ception de la demande.<\/p>\n<p>Je garantis n\u2019\u00eatre li\u00e9(e) par aucun accord avec un tiers, de quelque nature que ce soit, ayant pour objet ou pour effet de limiter ou emp\u00eacher la mise en \u0153uvre de la pr\u00e9sente autorisation.<\/p>\n<p>La pr\u00e9sente autorisation d\u2019exploitation de mon droit \u00e0 l\u2019image est consentie \u00e0 titre gratuit.<\/p>\n<\/div>\n            <\/div>        <\/div>    <\/div><\/section>\n<section class=\"av_toggle_section\"  >    <div role=\"tablist\" class=\"single_toggle\" data-tags=\"{Tout} \"  >        <p data-fake-id=\"#toggle-id-3\" class=\"toggler \"    role=\"tab\" tabindex=\"0\" aria-controls=\"toggle-id-3\"> Charte Si Yuan des Donn\u00e9es Personnelles<span class=\"toggle_icon\" >        <span class=\"vert_icon\"><\/span><span class=\"hor_icon\"><\/span><\/span><\/p>        <div id=\"toggle-id-3\" class=\"toggle_wrap \"  >            <div class=\"toggle_content invers-color \"   ><p>Vous n\u2019\u00eates pas oblig\u00e9 de partager vos Donn\u00e9es Personnelles, mais vous comprenez qu\u2019il est impossible d\u2019acc\u00e9der \u00e0 certains services si vous refusez de les communiquer. Vous pouvez \u00e0 tout moment consulter notre politique d\u00e9taill\u00e9e sur les donn\u00e9es personnelles en t\u00e9l\u00e9chargeant <a href=\"https:\/\/www.siyuanbalance.com\/wp-content\/uploads\/2018\/05\/Legal-Notice.pdf\">Si Yuan Balance Method SARL Legal Notice <\/a>.<\/p>\n<figure id=\"attachment_39431\" class=\"alignleft fixed\">\n<div class=\"\"><img loading=\"lazy\" decoding=\"async\" class=\"size-full wp-image-39431 \" src=\"https:\/\/www.siyuanbalance.com\/wp-content\/uploads\/2018\/05\/icone-pas-vendre.jpg\" sizes=\"auto, (max-width: 200px) 100vw, 200px\" srcset=\"https:\/\/www.siyuanbalance.com\/wp-content\/uploads\/2018\/05\/icone-pas-vendre.jpg 200w, https:\/\/www.siyuanbalance.com\/wp-content\/uploads\/2018\/05\/icone-pas-vendre-150x150.jpg 150w, https:\/\/www.siyuanbalance.com\/wp-content\/uploads\/2018\/05\/icone-pas-vendre-90x90.jpg 90w, https:\/\/www.siyuanbalance.com\/wp-content\/uploads\/2018\/05\/icone-pas-vendre-135x135.jpg 135w, https:\/\/www.siyuanbalance.com\/wp-content\/uploads\/2018\/05\/icone-pas-vendre-48x48.jpg 48w, https:\/\/www.siyuanbalance.com\/wp-content\/uploads\/2018\/05\/icone-pas-vendre-60x60.jpg 60w, https:\/\/www.siyuanbalance.com\/wp-content\/uploads\/2018\/05\/icone-pas-vendre-96x96.jpg 96w, https:\/\/www.siyuanbalance.com\/wp-content\/uploads\/2018\/05\/icone-pas-vendre-120x120.jpg 120w\" alt=\"\" width=\"200\" height=\"200\" \/><\/div>\n<\/figure>\n<p><strong>Nous ne vendons pas vos donn\u00e9es personnelles \u00e0 d\u2019autres organismes<\/strong><\/p>\n<ul>\n<li style=\"list-style-type: none;\">\n<ul>\n<li>Nous ne recueillons que les donn\u00e9es pertinentes pour le service concern\u00e9<\/li>\n<li>Nous ne vendons, louons, distribuons ou partageons pas vos donn\u00e9es personnelles avec des organismes tiers dans un but commercial<\/li>\n<li>Afin de traiter vos donn\u00e9es personnelles, vous en autorisez l\u2019acc\u00e8s nos sous-traitants, nous garantissons un niveau de protection similaire \u00e0 cette Charte des Donn\u00e9es Personnelles<\/li>\n<\/ul>\n<\/li>\n<\/ul>\n<figure id=\"attachment_39421\" class=\"alignleft fixed\">\n<div class=\"\"><img loading=\"lazy\" decoding=\"async\" class=\"size-full wp-image-39421 \" src=\"https:\/\/www.siyuanbalance.com\/wp-content\/uploads\/2018\/05\/icone-interet.jpg\" sizes=\"auto, (max-width: 200px) 100vw, 200px\" srcset=\"https:\/\/www.siyuanbalance.com\/wp-content\/uploads\/2018\/05\/icone-interet.jpg 200w, https:\/\/www.siyuanbalance.com\/wp-content\/uploads\/2018\/05\/icone-interet-150x150.jpg 150w, https:\/\/www.siyuanbalance.com\/wp-content\/uploads\/2018\/05\/icone-interet-90x90.jpg 90w, https:\/\/www.siyuanbalance.com\/wp-content\/uploads\/2018\/05\/icone-interet-135x135.jpg 135w, https:\/\/www.siyuanbalance.com\/wp-content\/uploads\/2018\/05\/icone-interet-48x48.jpg 48w, https:\/\/www.siyuanbalance.com\/wp-content\/uploads\/2018\/05\/icone-interet-60x60.jpg 60w, https:\/\/www.siyuanbalance.com\/wp-content\/uploads\/2018\/05\/icone-interet-96x96.jpg 96w, https:\/\/www.siyuanbalance.com\/wp-content\/uploads\/2018\/05\/icone-interet-120x120.jpg 120w\" alt=\"\" width=\"200\" height=\"200\" \/><\/div>\n<\/figure>\n<p><strong>Nous recueillons et conservons vos donn\u00e9es dans le seul but de vous offrir un meilleur service.<\/strong><\/p>\n<ul>\n<li style=\"list-style-type: none;\">\n<ul>\n<li style=\"list-style-type: none;\">\n<ul>\n<li>Donn\u00e9es n\u00e9cessaires pour r\u00e9pondre aux questions par email<\/li>\n<li>Donn\u00e9es n\u00e9cessaires pour l\u2019inscription \u00e0 un s\u00e9minaire (\u00ab mon compte \u00bb) et l\u2019acc\u00e8s aux services qui y sont li\u00e9s<\/li>\n<li>Donn\u00e9es n\u00e9cessaires pour recevoir un contenu informatif, marketing et \u00e9ducatif (\u00ab newsletter \u00bb)<\/li>\n<li>Donn\u00e9es n\u00e9cessaires pour la participation \u00e0 notre Programme de Certification<\/li>\n<\/ul>\n<\/li>\n<\/ul>\n<\/li>\n<\/ul>\n<figure id=\"attachment_39426\" class=\"alignleft fixed\">\n<div class=\"\"><img loading=\"lazy\" decoding=\"async\" class=\"size-full wp-image-39426 \" src=\"https:\/\/www.siyuanbalance.com\/wp-content\/uploads\/2018\/05\/icone-maitrise.jpg\" sizes=\"auto, (max-width: 200px) 100vw, 200px\" srcset=\"https:\/\/www.siyuanbalance.com\/wp-content\/uploads\/2018\/05\/icone-maitrise.jpg 200w, https:\/\/www.siyuanbalance.com\/wp-content\/uploads\/2018\/05\/icone-maitrise-150x150.jpg 150w, https:\/\/www.siyuanbalance.com\/wp-content\/uploads\/2018\/05\/icone-maitrise-90x90.jpg 90w, https:\/\/www.siyuanbalance.com\/wp-content\/uploads\/2018\/05\/icone-maitrise-135x135.jpg 135w, https:\/\/www.siyuanbalance.com\/wp-content\/uploads\/2018\/05\/icone-maitrise-48x48.jpg 48w, https:\/\/www.siyuanbalance.com\/wp-content\/uploads\/2018\/05\/icone-maitrise-60x60.jpg 60w, https:\/\/www.siyuanbalance.com\/wp-content\/uploads\/2018\/05\/icone-maitrise-96x96.jpg 96w, https:\/\/www.siyuanbalance.com\/wp-content\/uploads\/2018\/05\/icone-maitrise-120x120.jpg 120w\" alt=\"\" width=\"200\" height=\"200\" \/><\/div>\n<\/figure>\n<p><strong> Nous vous laissons la maitrise sur vos donn\u00e9es et l\u2019utilisation qui en est faite.<\/strong><br \/>Cous \u00eates libre de d\u00e9cider si vous souhaitez partager vos donn\u00e9es personnelles. Nous conservons et traitons vos donn\u00e9es personnelles pour une p\u00e9riode n\u00e9cessaire en fonction des objectifs du traitement.<\/p>\n<ul>\n<li style=\"list-style-type: none;\">\n<ul>\n<li style=\"list-style-type: none;\">\n<ul>\n<li>Nous nous engageons \u00e0 ne jamais collecter ni traiter vos donn\u00e9es \u00e0 votre insu<\/li>\n<li>Vous pouvez \u00e0 tout moment acc\u00e9der acc\u00e9der aux donn\u00e9es de votre compte et les modifier<\/li>\n<li>Vous pouvez \u00e0 tout moment vous d\u00e9sinscrire de la \u00ab newsletter \u00bb en cliquant sur le lien apparaissant en bas de chaque email promotionnel.<\/li>\n<li>Vous pouvez \u00e9galement demander la limitation oou cessation du traitement de vos donn\u00e9es personnelles<\/li>\n<li>Vous pouvez utiliser les donn\u00e9es personnelles que nous avons trait\u00e9es et les transf\u00e9rer vers d\u2019autres personnes responsables<\/li>\n<li>Nous n\u2019avons pas acc\u00e8s au mot de passe de votre compte sur nos sites internet<\/li>\n<\/ul>\n<\/li>\n<\/ul>\n<\/li>\n<\/ul>\n<p>Vous pouvez faire valoir vos droits en nous \u00e9crivant \u00e0 l\u2019email de contact mentionn\u00e9 en bas de chacune des pages de notre site internet.<br \/>\u00a0<\/p>\n<figure id=\"attachment_39441\" class=\"alignleft fixed\">\n<div class=\"\"><img loading=\"lazy\" decoding=\"async\" class=\"size-full wp-image-39441 \" src=\"https:\/\/www.siyuanbalance.com\/wp-content\/uploads\/2018\/05\/icone-transparence.jpg\" sizes=\"auto, (max-width: 200px) 100vw, 200px\" srcset=\"https:\/\/www.siyuanbalance.com\/wp-content\/uploads\/2018\/05\/icone-transparence.jpg 200w, https:\/\/www.siyuanbalance.com\/wp-content\/uploads\/2018\/05\/icone-transparence-150x150.jpg 150w, https:\/\/www.siyuanbalance.com\/wp-content\/uploads\/2018\/05\/icone-transparence-90x90.jpg 90w, https:\/\/www.siyuanbalance.com\/wp-content\/uploads\/2018\/05\/icone-transparence-135x135.jpg 135w, https:\/\/www.siyuanbalance.com\/wp-content\/uploads\/2018\/05\/icone-transparence-48x48.jpg 48w, https:\/\/www.siyuanbalance.com\/wp-content\/uploads\/2018\/05\/icone-transparence-60x60.jpg 60w, https:\/\/www.siyuanbalance.com\/wp-content\/uploads\/2018\/05\/icone-transparence-96x96.jpg 96w, https:\/\/www.siyuanbalance.com\/wp-content\/uploads\/2018\/05\/icone-transparence-120x120.jpg 120w\" alt=\"\" width=\"200\" height=\"200\" \/><\/div>\n<\/figure>\n<p><strong> Nous sommes totalement transparents avec vous sur l\u2019utilisation de vos donn\u00e9es personnelles.<\/strong><\/p>\n<ul>\n<li style=\"list-style-type: none;\">\n<ul>\n<li style=\"list-style-type: none;\">\n<ul>\n<li>Vous avez le droit d\u2019acc\u00e9der gratuitement et \u00e0 tout moment \u00e0 vos donn\u00e9es personnelles, ainsi qu\u2019\u00e0 l\u2019utilisation que nous en faisons<\/li>\n<li>Nous avons mis en place des mesures de s\u00e9curit\u00e9 qui sont adapt\u00e9es aux niveaux technique et organisationnel \u00e0 la pr\u00e9vention d\u2019une fuite de donn\u00e9es<\/li>\n<li>Nous nous engageons \u00e0 vous expliquer de mani\u00e8re claire, synth\u00e9tique et accessible, ce qui est fait en termes d\u2019utilisation des donn\u00e9es, et \u00e0 vous informer de vos droits en la mati\u00e8re et de la fa\u00e7on de les exercer: politique de protection des donn\u00e9es claire, synth\u00e9tique et p\u00e9dagogique, sans ambigu\u00eft\u00e9<\/li>\n<\/ul>\n<\/li>\n<\/ul>\n<\/li>\n<\/ul>\n<figure id=\"attachment_39436\" class=\"alignleft fixed\">\n<div class=\"\"><img loading=\"lazy\" decoding=\"async\" class=\"size-full wp-image-39436 \" src=\"https:\/\/www.siyuanbalance.com\/wp-content\/uploads\/2018\/05\/icone-securite.jpg\" sizes=\"auto, (max-width: 200px) 100vw, 200px\" srcset=\"https:\/\/www.siyuanbalance.com\/wp-content\/uploads\/2018\/05\/icone-securite.jpg 200w, https:\/\/www.siyuanbalance.com\/wp-content\/uploads\/2018\/05\/icone-securite-150x150.jpg 150w, https:\/\/www.siyuanbalance.com\/wp-content\/uploads\/2018\/05\/icone-securite-90x90.jpg 90w, https:\/\/www.siyuanbalance.com\/wp-content\/uploads\/2018\/05\/icone-securite-135x135.jpg 135w, https:\/\/www.siyuanbalance.com\/wp-content\/uploads\/2018\/05\/icone-securite-48x48.jpg 48w, https:\/\/www.siyuanbalance.com\/wp-content\/uploads\/2018\/05\/icone-securite-60x60.jpg 60w, https:\/\/www.siyuanbalance.com\/wp-content\/uploads\/2018\/05\/icone-securite-96x96.jpg 96w, https:\/\/www.siyuanbalance.com\/wp-content\/uploads\/2018\/05\/icone-securite-120x120.jpg 120w\" alt=\"\" width=\"200\" height=\"200\" \/><\/div>\n<\/figure>\n<p><strong>We always prioritise the security of the data that is entrusted to us.<\/strong><\/p>\n<ul>\n<li style=\"list-style-type: none;\">\n<ul>\n<li style=\"list-style-type: none;\">\n<ul>\n<li>Our website uses the SSL (Secure Sockets Layer) security protocol to encrypt communications<\/li>\n<li>All online payments are made through highly secure platforms that hold sole access to your banking details<\/li>\n<\/ul>\n<\/li>\n<\/ul>\n<\/li>\n<\/ul>\n            <\/div>        <\/div>    <\/div><\/section>\n<\/div>\n","protected":false},"excerpt":{"rendered":"","protected":false},"author":1,"featured_media":0,"parent":0,"menu_order":0,"comment_status":"closed","ping_status":"closed","template":"","meta":{"footnotes":""},"class_list":["post-14243","page","type-page","status-publish","hentry"],"_links":{"self":[{"href":"https:\/\/books.siyuanbalance.com\/fr\/wp-json\/wp\/v2\/pages\/14243","targetHints":{"allow":["GET"]}}],"collection":[{"href":"https:\/\/books.siyuanbalance.com\/fr\/wp-json\/wp\/v2\/pages"}],"about":[{"href":"https:\/\/books.siyuanbalance.com\/fr\/wp-json\/wp\/v2\/types\/page"}],"author":[{"embeddable":true,"href":"https:\/\/books.siyuanbalance.com\/fr\/wp-json\/wp\/v2\/users\/1"}],"replies":[{"embeddable":true,"href":"https:\/\/books.siyuanbalance.com\/fr\/wp-json\/wp\/v2\/comments?post=14243"}],"version-history":[{"count":1,"href":"https:\/\/books.siyuanbalance.com\/fr\/wp-json\/wp\/v2\/pages\/14243\/revisions"}],"predecessor-version":[{"id":14245,"href":"https:\/\/books.siyuanbalance.com\/fr\/wp-json\/wp\/v2\/pages\/14243\/revisions\/14245"}],"wp:attachment":[{"href":"https:\/\/books.siyuanbalance.com\/fr\/wp-json\/wp\/v2\/media?parent=14243"}],"curies":[{"name":"wp","href":"https:\/\/api.w.org\/{rel}","templated":true}]}}