{"id":1687,"date":"2013-11-28T18:13:06","date_gmt":"2013-11-28T17:29:39","guid":{"rendered":"http:\/\/books.siyuanbalance.com\/\/\/\/product\/shower-of-jewels-en-allemand\/"},"modified":"2024-06-26T14:44:21","modified_gmt":"2024-06-26T13:44:21","slug":"shower-of-jewels-en-allemand","status":"publish","type":"product","link":"https:\/\/books.siyuanbalance.com\/fr\/produit\/shower-of-jewels-en-allemand\/","title":{"rendered":"Shower of Jewels (en Allemand)"},"content":{"rendered":"","protected":false},"excerpt":{"rendered":"<h3>Richard Teh-Fu Tan &amp; Cheryl Warnke, Richard Reh-Fu Tan, OMD, LAc., San Diego, CA, USA, 1996<\/h3>\n<p>FENG SHUI : UN GUIDE PRATIQUE ET DIVERTISSANT SUR LES ANCIENS PRINCIPES DE PLACEMENT ET LA MANIPULATION DE LA GEOENERGIE.<br \/> Par Richard Tan, L.Ac., O.M.D. et Cheryl Warnke, L.Ac. Shower of Jewels est actuellement le livre de Feng Shui (sur le march\u00e9) le plus facile \u00e0 comprendre et \u00e0 appliquer. Vos patients et vous-m\u00eame ne vous sentirez d\u00e9sormais plus les victimes impuissantes de votre environement et des circonstances. En vous \u00e9duquant aux principes du Feng Shui, vous acc\u00e9dez au pouvoir de cr\u00e9er un environnement qui travaille en votre faveur.<\/p>\n<p><strong>Ce livre est en Allemand<\/strong>, mais \u00e9galement disponible en <a href=\"https:\/\/secure.bluehost.com\/~drtansho\/registration\/books.htm\" target=\"_blank\">Anglais<\/a>.<\/p>\n<p><a href=\"http:\/\/books.siyuanbalance.com\/\/\/\/de\/bucher\">&gt; Tous les livres en Allemands<\/a><\/p>\n","protected":false},"featured_media":11243,"comment_status":"closed","ping_status":"closed","template":"","meta":[],"product_brand":[],"product_cat":[83],"product_tag":[],"class_list":{"0":"post-1687","1":"product","2":"type-product","3":"status-publish","4":"has-post-thumbnail","6":"product_cat-non-classifiee","7":"product_shipping_class-ship-from-germany-fr","9":"first","10":"instock","11":"shipping-taxable","12":"purchasable","13":"product-type-simple"},"_links":{"self":[{"href":"https:\/\/books.siyuanbalance.com\/fr\/wp-json\/wp\/v2\/product\/1687","targetHints":{"allow":["GET"]}}],"collection":[{"href":"https:\/\/books.siyuanbalance.com\/fr\/wp-json\/wp\/v2\/product"}],"about":[{"href":"https:\/\/books.siyuanbalance.com\/fr\/wp-json\/wp\/v2\/types\/product"}],"replies":[{"embeddable":true,"href":"https:\/\/books.siyuanbalance.com\/fr\/wp-json\/wp\/v2\/comments?post=1687"}],"wp:featuredmedia":[{"embeddable":true,"href":"https:\/\/books.siyuanbalance.com\/fr\/wp-json\/wp\/v2\/media\/11243"}],"wp:attachment":[{"href":"https:\/\/books.siyuanbalance.com\/fr\/wp-json\/wp\/v2\/media?parent=1687"}],"wp:term":[{"taxonomy":"product_brand","embeddable":true,"href":"https:\/\/books.siyuanbalance.com\/fr\/wp-json\/wp\/v2\/product_brand?post=1687"},{"taxonomy":"product_cat","embeddable":true,"href":"https:\/\/books.siyuanbalance.com\/fr\/wp-json\/wp\/v2\/product_cat?post=1687"},{"taxonomy":"product_tag","embeddable":true,"href":"https:\/\/books.siyuanbalance.com\/fr\/wp-json\/wp\/v2\/product_tag?post=1687"}],"curies":[{"name":"wp","href":"https:\/\/api.w.org\/{rel}","templated":true}]}}