{"id":1688,"date":"2013-11-28T18:09:06","date_gmt":"2013-11-28T17:29:41","guid":{"rendered":"http:\/\/books.siyuanbalance.com\/\/\/\/product\/twelve-twelve-in-acupuncture-en-allemand\/"},"modified":"2013-11-28T18:29:41","modified_gmt":"2013-11-28T17:29:41","slug":"twelve-twelve-in-acupuncture-en-allemand","status":"publish","type":"product","link":"https:\/\/books.siyuanbalance.com\/fr\/produit\/twelve-twelve-in-acupuncture-en-allemand\/","title":{"rendered":"Twelve &#038; Twelve in Acupuncture (en Allemand)"},"content":{"rendered":"","protected":false},"excerpt":{"rendered":"<h3>Richard Teh-Fu Tan &amp; Stephen Rush, Richard Teh-Fu Tan, OMD, LAc., San Diego, CA, USA, 2003<\/h3>\n<p style=\"text-align: justify;\" align=\"center\">Le premier d\u2019une s\u00e9rie de livres par Richard Tan, L.Ac., O.M.D. et Stephen Rush, L.Ac. se concentre sur l\u2019emploi de points d\u2019acuponcture uniques et sur des \u00e9tudes de cas cliniques. Cet ouvrage rel\u00e8ve d\u2019une m\u00e9thode de traitement de la douleur stup\u00e9fiante et extr\u00eamement efficace utilisant la strat\u00e9gie des points distaux.<\/p>\n<p><strong>Ce livre est en Allemand<\/strong>, mais \u00e9galement disponible en <a href=\"https:\/\/secure.bluehost.com\/~drtansho\/registration\/books.htm\" target=\"_blank\">Anglais<\/a>.<\/p>\n<p><a href=\"http:\/\/books.siyuanbalance.com\/\/\/\/de\/bucher\">&gt; Tous les livres en Allemands<\/a><\/p>\n","protected":false},"featured_media":9713,"comment_status":"closed","ping_status":"closed","template":"","meta":[],"product_brand":[],"product_cat":[83],"product_tag":[],"class_list":{"0":"post-1688","1":"product","2":"type-product","3":"status-publish","4":"has-post-thumbnail","6":"product_cat-non-classifiee","7":"product_shipping_class-ship-from-germany-fr","9":"first","10":"instock","11":"shipping-taxable","12":"purchasable","13":"product-type-simple"},"_links":{"self":[{"href":"https:\/\/books.siyuanbalance.com\/fr\/wp-json\/wp\/v2\/product\/1688","targetHints":{"allow":["GET"]}}],"collection":[{"href":"https:\/\/books.siyuanbalance.com\/fr\/wp-json\/wp\/v2\/product"}],"about":[{"href":"https:\/\/books.siyuanbalance.com\/fr\/wp-json\/wp\/v2\/types\/product"}],"replies":[{"embeddable":true,"href":"https:\/\/books.siyuanbalance.com\/fr\/wp-json\/wp\/v2\/comments?post=1688"}],"wp:featuredmedia":[{"embeddable":true,"href":"https:\/\/books.siyuanbalance.com\/fr\/wp-json\/wp\/v2\/media\/9713"}],"wp:attachment":[{"href":"https:\/\/books.siyuanbalance.com\/fr\/wp-json\/wp\/v2\/media?parent=1688"}],"wp:term":[{"taxonomy":"product_brand","embeddable":true,"href":"https:\/\/books.siyuanbalance.com\/fr\/wp-json\/wp\/v2\/product_brand?post=1688"},{"taxonomy":"product_cat","embeddable":true,"href":"https:\/\/books.siyuanbalance.com\/fr\/wp-json\/wp\/v2\/product_cat?post=1688"},{"taxonomy":"product_tag","embeddable":true,"href":"https:\/\/books.siyuanbalance.com\/fr\/wp-json\/wp\/v2\/product_tag?post=1688"}],"curies":[{"name":"wp","href":"https:\/\/api.w.org\/{rel}","templated":true}]}}