{"id":1689,"date":"2013-11-28T18:07:04","date_gmt":"2013-11-28T17:29:42","guid":{"rendered":"http:\/\/books.siyuanbalance.com\/\/\/\/product\/12-magical-points-en-allemand\/"},"modified":"2024-06-26T14:44:13","modified_gmt":"2024-06-26T13:44:13","slug":"12-magical-points-en-allemand","status":"publish","type":"product","link":"https:\/\/books.siyuanbalance.com\/fr\/produit\/12-magical-points-en-allemand\/","title":{"rendered":"La Strat\u00e9gie des 12 Points Magiques de Dr TAN (en Allemand)"},"content":{"rendered":"","protected":false},"excerpt":{"rendered":"<h3>Richard Teh-Fu Tan, Richard Teh-Fu Tan, OMD, LAc., San Diego, CA, USA<\/h3>\n<p style=\"text-align: left;\" align=\"center\">La Strat\u00e9gie des Douze Points Magiques de Dr Tan a pour objectif le traitement de syndromes internes complexes tels que la fibromyalgie, l&rsquo;insomnie, le syndrome d&rsquo;irritation de l&rsquo;intestin etc. En s&rsquo;appliquant en particulier aux cas cliniques pr\u00e9sentant des douleurs qui se d\u00e9placent, ou qui atteignent plusieurs m\u00e9ridiens, ou encore aux pathologies non douloureuses, ce manuel propose une approche unique et cibl\u00e9e impliquant les douze m\u00e9ridiens \u00e0 l&rsquo;aide de douze aiguilles. Ce livre tr\u00e8s pratique d&rsquo;utilisation renferme \u00e9galement de nombreuses \u00e9tudes de cas cliniques.<\/p>\n<p><strong>Ce livre est en Allemand<\/strong>, mais \u00e9galement disponible en <a href=\"https:\/\/secure.bluehost.com\/~drtansho\/registration\/books.htm\" target=\"_blank\">Anglais<\/a> ou en <a href=\"http:\/\/books.siyuanbalance.com\/\/\/\/fr\/livres\/\">Fran\u00e7ais<\/a>.<\/p>\n<p><a href=\"http:\/\/books.siyuanbalance.com\/\/\/\/de\/bucher\">&gt; Tous les livres en Allemands<\/a><\/p>\n","protected":false},"featured_media":9339,"comment_status":"closed","ping_status":"closed","template":"","meta":[],"product_brand":[],"product_cat":[83],"product_tag":[],"class_list":{"0":"post-1689","1":"product","2":"type-product","3":"status-publish","4":"has-post-thumbnail","6":"product_cat-non-classifiee","7":"product_shipping_class-ship-from-germany-fr","9":"first","10":"instock","11":"shipping-taxable","12":"purchasable","13":"product-type-simple"},"_links":{"self":[{"href":"https:\/\/books.siyuanbalance.com\/fr\/wp-json\/wp\/v2\/product\/1689","targetHints":{"allow":["GET"]}}],"collection":[{"href":"https:\/\/books.siyuanbalance.com\/fr\/wp-json\/wp\/v2\/product"}],"about":[{"href":"https:\/\/books.siyuanbalance.com\/fr\/wp-json\/wp\/v2\/types\/product"}],"replies":[{"embeddable":true,"href":"https:\/\/books.siyuanbalance.com\/fr\/wp-json\/wp\/v2\/comments?post=1689"}],"wp:featuredmedia":[{"embeddable":true,"href":"https:\/\/books.siyuanbalance.com\/fr\/wp-json\/wp\/v2\/media\/9339"}],"wp:attachment":[{"href":"https:\/\/books.siyuanbalance.com\/fr\/wp-json\/wp\/v2\/media?parent=1689"}],"wp:term":[{"taxonomy":"product_brand","embeddable":true,"href":"https:\/\/books.siyuanbalance.com\/fr\/wp-json\/wp\/v2\/product_brand?post=1689"},{"taxonomy":"product_cat","embeddable":true,"href":"https:\/\/books.siyuanbalance.com\/fr\/wp-json\/wp\/v2\/product_cat?post=1689"},{"taxonomy":"product_tag","embeddable":true,"href":"https:\/\/books.siyuanbalance.com\/fr\/wp-json\/wp\/v2\/product_tag?post=1689"}],"curies":[{"name":"wp","href":"https:\/\/api.w.org\/{rel}","templated":true}]}}