{"id":1690,"date":"2013-11-28T18:05:09","date_gmt":"2013-11-28T17:29:43","guid":{"rendered":"http:\/\/books.siyuanbalance.com\/\/\/\/product\/acupuncture-1-2-3-en-allemand\/"},"modified":"2020-09-16T10:55:21","modified_gmt":"2020-09-16T09:55:21","slug":"acupuncture-1-2-3-en-allemand","status":"publish","type":"product","link":"https:\/\/books.siyuanbalance.com\/fr\/produit\/acupuncture-1-2-3-en-allemand\/","title":{"rendered":"Acuponcture 1, 2, 3 (en Allemand)"},"content":{"rendered":"","protected":false},"excerpt":{"rendered":"<h3>Richard Teh-Fu Tan, Richard Teh-Fu Tan, OMD, LAc., San Diego, CA, USA<\/h3>\n<p>Dr Richard Teh-Fu Tan a condens\u00e9 des ann\u00e9es d\u2019exp\u00e9rience personnelle dans ce manuel de traitement simple et efficace. Ce livre inestimable deviendra votre r\u00e9ference pratique favorite lors de votre exercice clinique quotidien. En r\u00e9ponse \u00e0 la demande de ses \u00e9tudiants, Dr Tan a r\u00e9sum\u00e9 ses tr\u00e8s populaires Cinq Syst\u00e8mes sous la forme d\u2019un guide pr\u00e9sentant par ordre alphab\u00e9tique les sympt\u00f4mes cliniques les plus courants. Les novices comme les praticiens aguerris de la \u00ab Balance Method \u00bb seront impressionn\u00e9s par les r\u00e9sultats obtenus en suivant simplement les trois \u00e9tapes fondamentales d\u00e9velopp\u00e9es dans Acuponcture 1, 2, 3. Dr Tan a r\u00e9uni ses tr\u00e9sors cliniques dans ce manuel pratique. Vous en mettrez un exemplaire dans chaque salle de consultation !<\/p>\n<p><strong>Ce livre est en Allemand<\/strong>, mais \u00e9galement disponible en <a href=\"https:\/\/secure.bluehost.com\/~drtansho\/registration\/books.htm\" target=\"_blank\">Anglais<\/a> ou en <a href=\"http:\/\/books.siyuanbalance.com\/\/\/\/fr\/livres\/\">Fran\u00e7ais<\/a>.<\/p>\n<p><a href=\"http:\/\/books.siyuanbalance.com\/\/\/\/de\/bucher\">&gt; Tous les livres en Allemands<\/a><\/p>\n","protected":false},"featured_media":9341,"comment_status":"closed","ping_status":"closed","template":"","meta":[],"product_brand":[],"product_cat":[83],"product_tag":[],"class_list":{"0":"post-1690","1":"product","2":"type-product","3":"status-publish","4":"has-post-thumbnail","6":"product_cat-non-classifiee","7":"product_shipping_class-ship-from-germany-fr","9":"first","10":"instock","11":"shipping-taxable","12":"purchasable","13":"product-type-simple"},"_links":{"self":[{"href":"https:\/\/books.siyuanbalance.com\/fr\/wp-json\/wp\/v2\/product\/1690","targetHints":{"allow":["GET"]}}],"collection":[{"href":"https:\/\/books.siyuanbalance.com\/fr\/wp-json\/wp\/v2\/product"}],"about":[{"href":"https:\/\/books.siyuanbalance.com\/fr\/wp-json\/wp\/v2\/types\/product"}],"replies":[{"embeddable":true,"href":"https:\/\/books.siyuanbalance.com\/fr\/wp-json\/wp\/v2\/comments?post=1690"}],"wp:featuredmedia":[{"embeddable":true,"href":"https:\/\/books.siyuanbalance.com\/fr\/wp-json\/wp\/v2\/media\/9341"}],"wp:attachment":[{"href":"https:\/\/books.siyuanbalance.com\/fr\/wp-json\/wp\/v2\/media?parent=1690"}],"wp:term":[{"taxonomy":"product_brand","embeddable":true,"href":"https:\/\/books.siyuanbalance.com\/fr\/wp-json\/wp\/v2\/product_brand?post=1690"},{"taxonomy":"product_cat","embeddable":true,"href":"https:\/\/books.siyuanbalance.com\/fr\/wp-json\/wp\/v2\/product_cat?post=1690"},{"taxonomy":"product_tag","embeddable":true,"href":"https:\/\/books.siyuanbalance.com\/fr\/wp-json\/wp\/v2\/product_tag?post=1690"}],"curies":[{"name":"wp","href":"https:\/\/api.w.org\/{rel}","templated":true}]}}