{"id":15677,"date":"2024-10-16T14:28:41","date_gmt":"2024-10-16T13:28:42","guid":{"rendered":"https:\/\/books.siyuanbalance.com\/?post_type=product&#038;p=15677"},"modified":"2025-06-12T11:43:59","modified_gmt":"2025-06-12T10:43:59","slug":"cartaz-do-metodo-de-equilibrio-estrategias-clinicas-prontas-a-usar-em-ingles-copy","status":"publish","type":"product","link":"https:\/\/books.siyuanbalance.com\/pt-pt\/produto\/cartaz-do-metodo-de-equilibrio-estrategias-clinicas-prontas-a-usar-em-ingles-copy\/","title":{"rendered":"Cartaz M\u00e9todo de Equil\u00edbrio: Estrat\u00e9gias Cl\u00ednicas Prontas a Usar (em Franc\u00eas)"},"content":{"rendered":"","protected":false},"excerpt":{"rendered":"<div style=\"padding: 75% 0 0 0; position: relative;\"><iframe style=\"position: absolute; top: 0; left: 0; width: 100%; height: 100%;\" title=\"Rafael Chart Poster\" src=\"https:\/\/player.vimeo.com\/video\/968902568?h=ea67a2a492&amp;badge=0&amp;autopause=0&amp;player_id=0&amp;app_id=58479\" frameborder=\"0\"><\/iframe><\/div>\n<p><script src=\"https:\/\/player.vimeo.com\/api\/player.js\"><\/script><\/p>\n<p>Criei este poster para me ajudar em cl\u00ednica. Sendo dif\u00edcil memorizar todos os detalhes das estrat\u00e9gias avan\u00e7adas, decidi criar algo que me pudesse ser \u00fatil e me permitisse ter uma atua\u00e7\u00e3o r\u00e1pida enquanto via os pacientes.<\/p>\n<p>Este poster verificou-se revolucion\u00e1rio nos \u00faltimos anos da minha pr\u00e1tica, eliminando erros e permitindo-me usar, de forma confort\u00e1vel, qualquer estrat\u00e9gia que achasse adequada para o paciente.<\/p>\n<p>Creio que este poster ser\u00e1 \u00fatil para todos aqueles que pretendem trabalhar profundamente com o m\u00e9todo e por isso decidi partilhar aquilo que muito\u00a0me\u00a0tem\u00a0ajudado. <\/p>\n<p><span class=\"HwtZe\" lang=\"pt-PT\"><span class=\"jCAhz\"><span class=\"ryNqvb\">Dimens\u00f5es \u2013 297 mm x 420 mm, 29,7 cm x 42 cm ou 11,7 pol. <br \/><\/span><\/span><span class=\"jCAhz ChMk0b\"><span class=\"ryNqvb\">Peso \u2013 30gr<\/span><\/span><\/span> <span class=\"HwtZe\" lang=\"pt-PT\"><span class=\"jCAhz ChMk0b\"><span class=\"ryNqvb\">Idioma: Ingl\u00eas<br \/>Envio: Cada poster \u00e9 enviado individualmente. Um custo de envio por cartaz.<\/span><\/span><\/span><\/p>\n<p><a href=\"https:\/\/books.siyuanbalance.com\/pt-pt\/produto\/cartaz-do-metodo-de-equilibrio-estrategias-clinicas-prontas-a-usar-em-portugues\"><span style=\"color: #ff0000;\"><strong>Aten\u00e7\u00e3o, este poster existe em vers\u00e3o portuguesa: clique aqui<\/strong><\/span><\/a><\/p>\n","protected":false},"featured_media":15696,"comment_status":"closed","ping_status":"closed","template":"","meta":[],"product_brand":[],"product_cat":[85],"product_tag":[],"class_list":{"0":"post-15677","1":"product","2":"type-product","3":"status-publish","4":"has-post-thumbnail","6":"product_cat-sem-categoria","7":"product_shipping_class-poster-pt-pt","9":"first","10":"instock","11":"shipping-taxable","12":"purchasable","13":"product-type-simple"},"_links":{"self":[{"href":"https:\/\/books.siyuanbalance.com\/pt-pt\/wp-json\/wp\/v2\/product\/15677","targetHints":{"allow":["GET"]}}],"collection":[{"href":"https:\/\/books.siyuanbalance.com\/pt-pt\/wp-json\/wp\/v2\/product"}],"about":[{"href":"https:\/\/books.siyuanbalance.com\/pt-pt\/wp-json\/wp\/v2\/types\/product"}],"replies":[{"embeddable":true,"href":"https:\/\/books.siyuanbalance.com\/pt-pt\/wp-json\/wp\/v2\/comments?post=15677"}],"wp:featuredmedia":[{"embeddable":true,"href":"https:\/\/books.siyuanbalance.com\/pt-pt\/wp-json\/wp\/v2\/media\/15696"}],"wp:attachment":[{"href":"https:\/\/books.siyuanbalance.com\/pt-pt\/wp-json\/wp\/v2\/media?parent=15677"}],"wp:term":[{"taxonomy":"product_brand","embeddable":true,"href":"https:\/\/books.siyuanbalance.com\/pt-pt\/wp-json\/wp\/v2\/product_brand?post=15677"},{"taxonomy":"product_cat","embeddable":true,"href":"https:\/\/books.siyuanbalance.com\/pt-pt\/wp-json\/wp\/v2\/product_cat?post=15677"},{"taxonomy":"product_tag","embeddable":true,"href":"https:\/\/books.siyuanbalance.com\/pt-pt\/wp-json\/wp\/v2\/product_tag?post=15677"}],"curies":[{"name":"wp","href":"https:\/\/api.w.org\/{rel}","templated":true}]}}